{"id":92,"date":"2014-12-24T11:08:17","date_gmt":"2014-12-24T11:08:17","guid":{"rendered":"http:\/\/freilassing-logopaedie.de\/?page_id=92"},"modified":"2024-07-17T20:47:37","modified_gmt":"2024-07-17T20:47:37","slug":"praxisgeschichte","status":"publish","type":"page","link":"https:\/\/freilassing-logopaedie.de\/?page_id=92","title":{"rendered":"Praxisgeschichte"},"content":{"rendered":"<p style=\"text-align: justify;\">Die Logop\u00e4dische Praxis wurde von\u00a0Heidrun v. Hoch im Jahre 1989 gegr\u00fcndet. Seit 1991 ist Cordula H\u00fcsers in der Praxis t\u00e4tig. Im Jahre 2009 kam Bernadette Opferkuch hinzu.<\/p>\n<p style=\"text-align: justify;\">Im Juli 2014 hat sich Fr. v. Hoch nach 48 Arbeitsjahren\u00a0und 25 Jahren &#8222;Logop\u00e4dische Praxis Freilassing&#8220; verabschiedet. Fr. Opferkuch beendete zeit-gleich ihre T\u00e4tigkeit in Freilassing, um sich in ihrer Praxis in Salzburg zu verwirklichen.<\/p>\n<p style=\"text-align: justify;\">Fr. v. Hoch und Fr. Opferkuch haben die Praxis an\u00a0Cordula H\u00fcsers, Lisa H\u00e4rtter und Andrea Wiese \u00fcbergeben, welche seitdem unter dem neuen Namen &#8222;Logop\u00e4die Freilassing&#8220; gef\u00fchrt wird.<\/p>\n<p>Da Fr. H\u00fcsers in \u00d6sterreich ihre eigene Praxis er\u00f6ffnet hat, wird die Praxisgemein- schaft seit 2018 von Lisa H\u00e4rtter und Andrea Wiese gef\u00fchrt.<\/p>\n<p>Seit dem 01.09.2023 befinden wir uns in unseren neuen Praxisr\u00e4umen in der M\u00fcnchener Str. 23 in Freilassing.<\/p>\n","protected":false},"excerpt":{"rendered":"<p>Die Logop\u00e4dische Praxis wurde von\u00a0Heidrun v. Hoch im Jahre 1989 gegr\u00fcndet. Seit 1991 ist Cordula H\u00fcsers in der Praxis t\u00e4tig. Im Jahre 2009 kam Bernadette Opferkuch hinzu. Im Juli 2014 hat sich Fr. v. Hoch nach 48 Arbeitsjahren\u00a0und 25 Jahren &#8222;Logop\u00e4dische Praxis Freilassing&#8220; verabschiedet. Fr. Opferkuch beendete zeit-gleich ihre T\u00e4tigkeit in Freilassing, um sich in [&hellip;]<\/p>\n","protected":false},"author":1,"featured_media":0,"parent":96,"menu_order":4,"comment_status":"closed","ping_status":"closed","template":"","meta":{"footnotes":""},"class_list":["post-92","page","type-page","status-publish","hentry"],"_links":{"self":[{"href":"https:\/\/freilassing-logopaedie.de\/index.php?rest_route=\/wp\/v2\/pages\/92","targetHints":{"allow":["GET"]}}],"collection":[{"href":"https:\/\/freilassing-logopaedie.de\/index.php?rest_route=\/wp\/v2\/pages"}],"about":[{"href":"https:\/\/freilassing-logopaedie.de\/index.php?rest_route=\/wp\/v2\/types\/page"}],"author":[{"embeddable":true,"href":"https:\/\/freilassing-logopaedie.de\/index.php?rest_route=\/wp\/v2\/users\/1"}],"replies":[{"embeddable":true,"href":"https:\/\/freilassing-logopaedie.de\/index.php?rest_route=%2Fwp%2Fv2%2Fcomments&post=92"}],"version-history":[{"count":20,"href":"https:\/\/freilassing-logopaedie.de\/index.php?rest_route=\/wp\/v2\/pages\/92\/revisions"}],"predecessor-version":[{"id":1202,"href":"https:\/\/freilassing-logopaedie.de\/index.php?rest_route=\/wp\/v2\/pages\/92\/revisions\/1202"}],"up":[{"embeddable":true,"href":"https:\/\/freilassing-logopaedie.de\/index.php?rest_route=\/wp\/v2\/pages\/96"}],"wp:attachment":[{"href":"https:\/\/freilassing-logopaedie.de\/index.php?rest_route=%2Fwp%2Fv2%2Fmedia&parent=92"}],"curies":[{"name":"wp","href":"https:\/\/api.w.org\/{rel}","templated":true}]}}