{"id":550,"date":"2015-01-14T12:37:17","date_gmt":"2015-01-14T12:37:17","guid":{"rendered":"http:\/\/freilassing-logopaedie.de\/?page_id=550"},"modified":"2019-04-12T13:59:53","modified_gmt":"2019-04-12T13:59:53","slug":"kundenstimmen","status":"publish","type":"page","link":"https:\/\/freilassing-logopaedie.de\/?page_id=550","title":{"rendered":"Kundenstimmen"},"content":{"rendered":"<p><strong>&#8222;Ich m\u00f6chte mich bei dir recht herzlich f\u00fcr Deinen Einsatz und Deine Hilfe, meine Stimme wieder zu finden, bedanken. &#8230;\u00a0DANKESCH\u00d6N&#8220; &#8211; Sabine<\/strong><\/p>\n<hr \/>\n<p style=\"text-align: justify;\"><strong>&#8222;Ich habe als Lehrerin eine Fortbildung bei Lisa H\u00e4rtter belegt und kann es nur weiterempfehlen. Sehr kompetente Beratung die auch in Gruppen auf jeden einzelnen eingeht und selbst eine sehr angenehme und tolle Stimme hat. Sie schafft es mit ihrer entspannten und lockeren Art, den Bann zu brechen sodass man die Hemmungen verliert und sich traut, alle \u00dcbungen zu machen. Sehr gewinnbringend und f\u00fcr Lehrer und auch andere Berufsgruppen, in denen viel gesprochen wird jederzeit weiterzuempfehlen! Gro\u00dfes Lob!Vielen Dank!&#8220;\u00a0 &#8211; Henrike<\/strong><\/p>\n<hr \/>\n<p style=\"text-align: justify;\"><strong>&#8222;Ich bin in die Therapie gekommen, um meine Stimme f\u00fcr Vortr\u00e4ge zu trainieren. Jetzt merke ich, dass die Stimmtherapie mein ganzes Leben positiv ver\u00e4ndert\u00a0hat!&#8220; \u00a0&#8211; Andrea K.<\/strong><\/p>\n<hr \/>\n<p style=\"text-align: justify;\"><strong>&#8222;Danke f\u00fcr die erfolgreichen Logop\u00e4diestunden &#8211; mein Kind\u00a0kommt immer gerne zu Ihnen!&#8220; \u00a0&#8211; Barbara G.\u00a0<\/strong><\/p>\n<hr \/>\n<p><strong>&#8222;Danke f\u00fcr den tollen Seminartag! Liebe Lisa,\u00a0beim Seminarfr\u00fchst\u00fcck letzten Freitag haben wir nochmal den von dir gestalteten Seminartag Revue passieren lassen und ich m\u00f6chte dir nur kurz r\u00fcckmelden, dass meine LAAs durch die Bank begeistert waren!!\u00a0Nochmal vielen Dank daf\u00fcr. Ich hoffe, dass ich dich auch in den kommenden Jahren wieder um einen Vortrag bitten darf.\u00a0Herzliche Gr\u00fc\u00dfe&#8220; &#8211;\u00a0Beate<\/strong><\/p>\n<hr \/>\n<p><strong>\u00a0&#8222;Liebe Lisa, wir wollen uns f\u00fcr deine liebevolle Geduld mit unserem Sohn recht herzlich bedanken. &#8211; Familie F.&#8220;<\/strong><\/p>\n<hr \/>\n<p><a title=\"Impuls Lifestyle Magazin\" href=\"http:\/\/www.impuls-online.com\/logopaedie-freilassing-praxisgemeinschaft-huesers-haertter-wiese\/\" target=\"_blank\" rel=\"noopener\"><strong>http:\/\/www.impuls-online.com\/logopaedie-freilassing-praxisgemeinschaft-huesers-haertter-wiese\/<\/strong><\/a><\/p>\n<p><strong>Ein Artikel aus dem Impuls Lifestyle Magazin.<\/strong><\/p>\n<hr \/>\n<p><strong>\u00a0&#8220; Auf Empfehlung meines HNO-Spezialisten Dr.Schl\u00f6micher bin ich ich in der logop\u00e4dischen Praxisgemeinschaft H\u00fcsers H\u00e4rtter Wiese vorstellig geworden. Meine anf\u00e4ngliche Skepsis wurde durch die professionelle Behandlungsweise schnell verworfen und in eine vertrauensvolle Patient\/Therapeutenbindung umgewandelt.\u00a0Mein Hauptproblem Sprach- und vor allem Singst\u00f6rung, war f\u00fcr mich als Hobbymusiker und S\u00e4nger eine enorme Belastung.\u00a0Schon ab der 1. Therapiestunde konnte ich eine stetige Verbesserung meiner Sprachqualit\u00e4t bemerken und bin daher unendlich dankbar, da\u00df ich nach\u00a0Abschlu\u00df der logop\u00e4dischen\u00a0Behandlung mein volles Stimmvolumen wieder erreicht habe.\u00a0Mein erster Auftritt als Musiker brachte mir ein gro\u00dfes St\u00fcck meiner Lebensqualit\u00e4t wieder zur\u00fcck.\u00a0Ich bin begeistert \u00fcber das Behandlungsergebnis und kann die Praxis guten Gewissens weiterempfehlen.&#8220; &#8211; Hans B.<\/strong><\/p>\n<hr \/>\n<p><strong>&#8222;S.g. Frau H\u00fcsers,\u00a0nach zehn logop\u00e4dischen Therapie-Einheiten beginnend mit Oktober 2016 habe\u00a0ich subjektiv das Gef\u00fchl, dass meine Stimme,\u00a0was Kraft und Dynamik betrifft, den urspr\u00fcnglichen Zustand wieder erlangt\u00a0hat.\u00a0Auch was meine Singstimme betrifft, geht es seit Jahresbeginn wieder stark\u00a0bergauf mit dem Ergebnis, dass ich mich heute gesanglich in H\u00f6hen\u00a0bewege, die ich vor meiner &#8222;Krankheit&#8220; im August so gesch\u00e4tzt habe.\u00a0Die Therapie sehe ich somit als vollen Erfolg f\u00fcr mich, und habe mir fest\u00a0vorgenommen auch weiterhin erlernte Therapie-\u00dcbungen vorzunehmen wie\u00a0<\/strong><strong>folgt:\u00a0Lax Vox,\u00a0\u00dcbung abends vorm Schlafen,\u00a0stimmlos &#8211; stimmhaft &#8211; stimmlos (sch &#8211; s &#8211; f),\u00a0Akzentmethode Tempo I &#8211; III,\u00a0Warm up (gem. \u00dcbungsblatt)\u00a0<\/strong><strong>Stimmpflege-\u00dcbung &#8222;Manuelle Vibration&#8220;\u00a0Ich hoffe Ihnen ein kleines &#8222;Feedback-Res\u00fcmee&#8220; damit gegeben zu haben,\u00a0w\u00fcnsche Ihnen weiterhin viel Spa\u00df und Erfolg mit Ihren Patienten. Liebe Gr\u00fc\u00dfe&#8220; &#8211; Wolfgang H.<\/strong><\/p>\n<h4 style=\"text-align: center;\"><strong><em><span style=\"color: #99cc00;\">M\u00f6chten Sie uns Ihre Kundenstimme geben? Dann schreiben Sie uns!<\/span><\/em><\/strong><\/h4>\n<p style=\"text-align: center;\"><strong><em><span style=\"color: #99cc00;\">\u00a0kontakt@freilassing-logopaedie.de<\/span><\/em><\/strong><\/p>\n","protected":false},"excerpt":{"rendered":"<p>&#8222;Ich m\u00f6chte mich bei dir recht herzlich f\u00fcr Deinen Einsatz und Deine Hilfe, meine Stimme wieder zu finden, bedanken. &#8230;\u00a0DANKESCH\u00d6N&#8220; &#8211; Sabine &#8222;Ich habe als Lehrerin eine Fortbildung bei Lisa H\u00e4rtter belegt und kann es nur weiterempfehlen. Sehr kompetente Beratung die auch in Gruppen auf jeden einzelnen eingeht und selbst eine sehr angenehme und tolle [&hellip;]<\/p>\n","protected":false},"author":1,"featured_media":0,"parent":0,"menu_order":0,"comment_status":"closed","ping_status":"closed","template":"","meta":{"footnotes":""},"class_list":["post-550","page","type-page","status-publish","hentry"],"_links":{"self":[{"href":"https:\/\/freilassing-logopaedie.de\/index.php?rest_route=\/wp\/v2\/pages\/550","targetHints":{"allow":["GET"]}}],"collection":[{"href":"https:\/\/freilassing-logopaedie.de\/index.php?rest_route=\/wp\/v2\/pages"}],"about":[{"href":"https:\/\/freilassing-logopaedie.de\/index.php?rest_route=\/wp\/v2\/types\/page"}],"author":[{"embeddable":true,"href":"https:\/\/freilassing-logopaedie.de\/index.php?rest_route=\/wp\/v2\/users\/1"}],"replies":[{"embeddable":true,"href":"https:\/\/freilassing-logopaedie.de\/index.php?rest_route=%2Fwp%2Fv2%2Fcomments&post=550"}],"version-history":[{"count":14,"href":"https:\/\/freilassing-logopaedie.de\/index.php?rest_route=\/wp\/v2\/pages\/550\/revisions"}],"predecessor-version":[{"id":968,"href":"https:\/\/freilassing-logopaedie.de\/index.php?rest_route=\/wp\/v2\/pages\/550\/revisions\/968"}],"wp:attachment":[{"href":"https:\/\/freilassing-logopaedie.de\/index.php?rest_route=%2Fwp%2Fv2%2Fmedia&parent=550"}],"curies":[{"name":"wp","href":"https:\/\/api.w.org\/{rel}","templated":true}]}}