{"id":51,"date":"2014-12-23T18:07:30","date_gmt":"2014-12-23T18:07:30","guid":{"rendered":"http:\/\/freilassing-logopaedie.de\/?page_id=51"},"modified":"2026-03-22T20:25:43","modified_gmt":"2026-03-22T20:25:43","slug":"lisa-haertter","status":"publish","type":"page","link":"https:\/\/freilassing-logopaedie.de\/?page_id=51","title":{"rendered":"Lisa H\u00e4rtter"},"content":{"rendered":"\n<figure class=\"wp-block-image\"><img loading=\"lazy\" decoding=\"async\" width=\"683\" height=\"1024\" src=\"https:\/\/freilassing-logopaedie.de\/wp-content\/uploads\/2022\/09\/2LF-063-683x1024.jpg\" alt=\"\" class=\"wp-image-1069\" srcset=\"https:\/\/freilassing-logopaedie.de\/wp-content\/uploads\/2022\/09\/2LF-063-683x1024.jpg 683w, https:\/\/freilassing-logopaedie.de\/wp-content\/uploads\/2022\/09\/2LF-063-200x300.jpg 200w, https:\/\/freilassing-logopaedie.de\/wp-content\/uploads\/2022\/09\/2LF-063-768x1152.jpg 768w, https:\/\/freilassing-logopaedie.de\/wp-content\/uploads\/2022\/09\/2LF-063-676x1014.jpg 676w\" sizes=\"auto, (max-width: 683px) 100vw, 683px\" \/><\/figure>\n\n\n\n<p><strong>Die Freude an der Sprache, dem Sprechen und der Stimme hei\u00dft f\u00fcr mich vorrangig Logop\u00e4die. <\/strong><\/p>\n\n\n\n<p><strong>Ein wertsch\u00e4tzender und vertrauensvoller Umgang mit meinen Klient*innen und Patient*innen (und auch Angestellten) liegt mir besonders am Herzen. Dadurch f\u00fchlen sich die Klienten und Patienten bei mir wohl und k\u00f6nnen somit die Therapieinhalte und Tipps besser annehmen. <\/strong><\/p>\n\n\n\n<p><strong>Neben der Logop\u00e4die bin ich Musikerin und S\u00e4ngerin, weshalb ich mich auf die Stimmtherapie sowie das VocalCoaching (auch f\u00fcr professionelle Stimmen) spezialisiert habe. <\/strong><\/p>\n\n\n\n<p><strong>In der Kindersprachtherapie ist es mir ein Anliegen, dass die Kinder gerne zur Therapie kommen, durch Freude und Spiel die Sprache begreifen und erfahren, dass sie mit der Sprache etwas bewirken k\u00f6nnen.&nbsp;<\/strong><\/p>\n\n\n\n<h4 class=\"wp-block-heading\"><em><strong><span style=\"color: #99cc00;\">Ich freue mich darauf, auf Ihre pers\u00f6nlichen Bed\u00fcrfnisse einzugehen und Sie auf dem Weg zum Therapieerfolg zu begleiten.&nbsp;<\/span><\/strong><\/em><\/h4>\n\n\n\n<hr class=\"wp-block-separator has-alpha-channel-opacity\"\/>\n\n\n\n<h4 class=\"wp-block-heading\">&nbsp;<\/h4>\n\n\n\n<p><span style=\"color: #99cc00;\"><strong>Meine Berufsausbildung<\/strong><\/span><\/p>\n\n\n\n<p>habe ich von 2007-2010 in der staatlichen Berufsfachschule f\u00fcr Logop\u00e4die des Uniklinikums Regensburg absolviert.&nbsp;Ich besitze die deutsche sowie die \u00f6sterreichische Berufszulassung.<\/p>\n\n\n\n<p><span style=\"color: #99cc00;\"><strong>Meine bisherige Berufserfahrung: <\/strong><\/span><\/p>\n\n\n\n<ul class=\"wp-block-list\">\n<li>2010 \u2013 2011 Logop\u00e4din an einer F\u00f6rderschule (Schwerpunkt geistige Behinderung bei Kindern und Jugendlichen)<\/li>\n\n\n\n<li>2011 \u2013 2012 Logop\u00e4din in einer logop\u00e4dischen Praxis in Regensburg<\/li>\n\n\n\n<li>2013 Logop\u00e4din am Bezirkskrankenhaus Kufstein \u2013 A, neurologische Abteilung<\/li>\n\n\n\n<li>2014 Freiberufliche T\u00e4tigkeit als Logop\u00e4din in der Praxisgemeinschaft &nbsp; &nbsp; &nbsp; &nbsp; &nbsp; &nbsp; &nbsp; &nbsp; &nbsp; v. Hoch, Opferkuch, H\u00fcsers<\/li>\n\n\n\n<li>seit Juli 2014 selbstst\u00e4ndige T\u00e4tigkeit als Logop\u00e4din in der Praxisgemeinschaft H\u00fcsers, H\u00e4rtter, Wiese<\/li>\n\n\n\n<li>seit Juni 2018 selbstst\u00e4ndige T\u00e4tigkeit als Logop\u00e4din in der &#8222;Logop\u00e4die Freilassing&#8220; &#8211; Praxisgemeinschaft H\u00e4rtter und Wiese<\/li>\n<\/ul>\n\n\n\n<p><span style=\"color: #99cc00;\"><strong>Meine logop\u00e4dischen Weiterbildungen:<\/strong><\/span><\/p>\n\n\n\n<ul class=\"wp-block-list\">\n<li>&nbsp;Teacch und PECS \u2013 Konzepte zur Unterst\u00fctzung bei Struktur- und Kommunikationsproblemen bei Weiser, P\u00f6tsch, Schweigert<\/li>\n\n\n\n<li>&nbsp;Melodische Intonationstherapie nach Beate Birner-Janusch<\/li>\n\n\n\n<li>&nbsp;Dysphagie in der Onkologie, Uniklinikum Regensburg<\/li>\n\n\n\n<li>&nbsp;Praktikum in der Audiologie Bezirkslinikum Kufstein (4 Wochen)<\/li>\n\n\n\n<li>&nbsp;Trachealkan\u00fclenmanagement, OA Pauli, HNO Bezirksklinikum Kufstein<\/li>\n\n\n\n<li>&nbsp;Sprech- Stimmcoaching: Ad hoc- Interventionen f\u00fcr professionelle Stimmen bei Sujata Huestegge<\/li>\n\n\n\n<li>&nbsp;Stimmangleichung bei Mann-zu-Frau Transsexualit\u00e4t \/ &nbsp; &nbsp; &nbsp; &nbsp; &nbsp; &nbsp; &nbsp; &nbsp; &nbsp; &nbsp; &nbsp; &nbsp; &nbsp; &nbsp; &nbsp; &nbsp; &nbsp; &nbsp; &nbsp; &nbsp; &nbsp; &nbsp; &nbsp; LaKru-Stimmtransition bei Thomas Lascheit<\/li>\n\n\n\n<li>Die Singstimme f\u00fcr Logop\u00e4dInnen bei Miriam Haupt<\/li>\n\n\n\n<li>Stimmarbeit bei Trans* bei Stephanie A. Kruse<\/li>\n\n\n\n<li>Einblicke in das&nbsp;Estill Voice Training<strong>\u2122<\/strong> zur Anwendung in der Stimmtherapie bei Stephanie A. Kruse<\/li>\n\n\n\n<li>Estill Voice Training<strong>\u2122<\/strong>&nbsp;Level 1 und 2&nbsp;Kurs bei Corinne Morini Mager und Patrik Thurner in Wien<\/li>\n\n\n\n<li>Estill Voice Training<strong>\u2122&nbsp;<\/strong>Practice Group bei Stephanie A. Kruse<\/li>\n\n\n\n<li>LaKru Stimmtransition bei Trans* bei Thomas Lascheit<\/li>\n\n\n\n<li>Estill Voice Training<strong>\u2122&nbsp;<\/strong>Practice Group &#8211; Advanced bei Stephanie A. Kruse<\/li>\n\n\n\n<li>Funktionales Stimmtraining &#8211; Erlanger Modell bei Sabine Degenkolb-Weyers in Linz<\/li>\n\n\n\n<li>Systemische Coaching-Tools f\u00fcr die Stimmarbeit bei Ina Kimmel<\/li>\n\n\n\n<li><span id=\"page1R_mcid6\" class=\"markedContent\"><span dir=\"ltr\" role=\"presentation\">LAX VOX\u00ae SCIENCE: Obert\u00f6ne<\/span> <\/span><\/li>\n\n\n\n<li><span dir=\"ltr\" role=\"presentation\">LAX VOX\u00ae Voice Therapy<\/span><\/li>\n\n\n\n<li>Musiktherapeutische Elemente in der logop\u00e4dischen Kindersprachtherapie<\/li>\n\n\n\n<li>Ausbildungsbeginn zum\u00a0<span dir=\"ltr\" role=\"presentation\">LAX VOX\u00ae Master Trainer<\/span><\/li>\n\n\n\n<li>Stimme und Hormone bei Filipa M.B. L\u00e3<\/li>\n\n\n\n<li>Sensorische Integration bei Cornelia R\u00fcckl<\/li>\n\n\n\n<li>Praxisbezogene Mutismustherapie in Anlehnung an SYMUT\u00ae bei Sandra Aichlseder<\/li>\n<\/ul>\n\n\n\n<p><span style=\"color: #99cc00;\"><strong>Meine musikalischen Erfahrungen:&nbsp;<\/strong><\/span><\/p>\n\n\n\n<ul class=\"wp-block-list\">\n<li>Blockfl\u00f6te<\/li>\n\n\n\n<li>Klavier<\/li>\n\n\n\n<li>Querfl\u00f6te<\/li>\n\n\n\n<li>Gitarre<\/li>\n\n\n\n<li>Chor- und Sologesang<\/li>\n\n\n\n<li>von 2017 &#8211; 2020 Vocal Coaching \/ Stimmtraining Gesangsstimme bei Stephanie A. Kruse<\/li>\n\n\n\n<li>Circlesinging bei Bobby McFerrin, Joey Blake, David Worm, Rhiannon und Judi Vinar in New York\n<ul class=\"wp-block-list\">\n<li>Soloing bei Sofia Riberio<\/li>\n\n\n\n<li>Circleharmony bei Judi Vinar<\/li>\n\n\n\n<li>Out of the (Beat) Box bei Tiago Grade a.k.a. RIZUMIK<\/li>\n\n\n\n<li>Sound Healing bei Laurel Murphy<\/li>\n\n\n\n<li>Trauma and Healing Circles bei Noelle Picara<\/li>\n<\/ul>\n<\/li>\n\n\n\n<li>Circlesinging bei Joey Blake, London<\/li>\n\n\n\n<li>Musical Fluency bei Roger Treece, Rom<\/li>\n\n\n\n<li>Circlesinging bei Bobby McFerrin, Joey Blake, David Worm, Rhiannon und Judi Vinar in New York\n<ul class=\"wp-block-list\">\n<li>Feldenkrais for circlesingers bei Paris Kern<\/li>\n\n\n\n<li>Facilitating from the heart bei David Worm<\/li>\n\n\n\n<li>Vocal River bei Rhiannon<\/li>\n\n\n\n<li>Soundhealing bei Laurel Murphy<\/li>\n\n\n\n<li>Soloing &amp; motivic development in circlesinging bei Christiane Karam<\/li>\n\n\n\n<li>Ninjacircles bei Judi Vinar<\/li>\n\n\n\n<li>Musica do circulo: methods of improvisation from brazil bei ZuzaGon\u00e7alves<\/li>\n\n\n\n<li>Body percussion bei Zuza&nbsp;Gon\u00e7alves<\/li>\n\n\n\n<li>Speedcircles bei G\u00e4el Aubrit<\/li>\n\n\n\n<li>Polyrhytmic and odd meters bei Christiane Karam<\/li>\n\n\n\n<li>Melodic rhythms &amp; indian syllables bei Varijashree Venugopal<\/li>\n\n\n\n<li>Beyond comfort bei Tiago Grade<\/li>\n\n\n\n<li>Walk my walk &amp; sing my talk: circlesongs for kids bei Goussy Celestin<\/li>\n\n\n\n<li>Singing: our stories bei Daniela Plattner<\/li>\n\n\n\n<li>Spiral Movement and song bei Zuza Gon\u00e7alves<\/li>\n<\/ul>\n<\/li>\n\n\n\n<li>Circlemusic-Retreat, Musica do Circulo in Brasilien mit Zuza Gon\u00e7alves, Pedro Consorte und Ronaldo Crispim<\/li>\n\n\n\n<li>Ausbildung: Leading M\u00fasica do c\u00edrculo Module I, II, III<\/li>\n\n\n\n<li>Brazilian Body Music bei Charles Raszl<\/li>\n\n\n\n<li>Body Percussion bei Charles Raszl<\/li>\n\n\n\n<li>Circlesinging-School mit Bobby McFerrin, Judi Vinar, David Worm, Joe Blake, Rhiannon uvm. in San Francisco, USA<\/li>\n<\/ul>\n\n\n\n<ul class=\"wp-block-list\">\n<li>W\u00f6chentlichen Leitung von <span style=\"color: #99cc00;\"><a style=\"color: #99cc00;\" href=\"http:\/\/www.circlesongs.eu\">Circlesongs<\/a><\/span>&nbsp;in Laufen an der Salzach.<\/li>\n\n\n\n<li>Veranstalterin des <span style=\"color: #99cc00;\"><a style=\"color: #99cc00;\" href=\"http:\/\/www.circlesongs.eu\">Circlesongs Retreats<\/a><\/span> in Ruhpolding<\/li>\n<\/ul>\n","protected":false},"excerpt":{"rendered":"<p>Die Freude an der Sprache, dem Sprechen und der Stimme hei\u00dft f\u00fcr mich vorrangig Logop\u00e4die. Ein wertsch\u00e4tzender und vertrauensvoller Umgang mit meinen Klient*innen und Patient*innen (und auch Angestellten) liegt mir besonders am Herzen. Dadurch f\u00fchlen sich die Klienten und Patienten bei mir wohl und k\u00f6nnen somit die Therapieinhalte und Tipps besser annehmen. Neben der Logop\u00e4die [&hellip;]<\/p>\n","protected":false},"author":1,"featured_media":0,"parent":96,"menu_order":2,"comment_status":"closed","ping_status":"closed","template":"","meta":{"footnotes":""},"class_list":["post-51","page","type-page","status-publish","hentry"],"_links":{"self":[{"href":"https:\/\/freilassing-logopaedie.de\/index.php?rest_route=\/wp\/v2\/pages\/51","targetHints":{"allow":["GET"]}}],"collection":[{"href":"https:\/\/freilassing-logopaedie.de\/index.php?rest_route=\/wp\/v2\/pages"}],"about":[{"href":"https:\/\/freilassing-logopaedie.de\/index.php?rest_route=\/wp\/v2\/types\/page"}],"author":[{"embeddable":true,"href":"https:\/\/freilassing-logopaedie.de\/index.php?rest_route=\/wp\/v2\/users\/1"}],"replies":[{"embeddable":true,"href":"https:\/\/freilassing-logopaedie.de\/index.php?rest_route=%2Fwp%2Fv2%2Fcomments&post=51"}],"version-history":[{"count":58,"href":"https:\/\/freilassing-logopaedie.de\/index.php?rest_route=\/wp\/v2\/pages\/51\/revisions"}],"predecessor-version":[{"id":1318,"href":"https:\/\/freilassing-logopaedie.de\/index.php?rest_route=\/wp\/v2\/pages\/51\/revisions\/1318"}],"up":[{"embeddable":true,"href":"https:\/\/freilassing-logopaedie.de\/index.php?rest_route=\/wp\/v2\/pages\/96"}],"wp:attachment":[{"href":"https:\/\/freilassing-logopaedie.de\/index.php?rest_route=%2Fwp%2Fv2%2Fmedia&parent=51"}],"curies":[{"name":"wp","href":"https:\/\/api.w.org\/{rel}","templated":true}]}}