{"id":33,"date":"2014-12-23T17:27:59","date_gmt":"2014-12-23T17:27:59","guid":{"rendered":"http:\/\/freilassing-logopaedie.de\/?page_id=33"},"modified":"2026-02-16T11:50:52","modified_gmt":"2026-02-16T11:50:52","slug":"herzlich-willkommen","status":"publish","type":"page","link":"https:\/\/freilassing-logopaedie.de\/","title":{"rendered":"Herzlich Willkommen"},"content":{"rendered":"\n<p><strong>auf der Homepage der &#8222;Logop\u00e4die Freilassing&#8220;.<\/strong><\/p>\n\n\n\n<p>Sie k\u00f6nnen gerne die Online-Anmeldefunktion nutzen: <\/p>\n\n\n\n<div class=\"wp-block-buttons is-content-justification-center is-layout-flex wp-container-core-buttons-is-layout-16018d1d wp-block-buttons-is-layout-flex\">\n<div class=\"wp-block-button\"><a class=\"wp-block-button__link wp-element-button\" href=\"https:\/\/freilassing-logopaedie.de\/?page_id=1248\">Anmeldung<\/a><\/div>\n<\/div>\n\n\n\n<p>     <\/p>\n\n\n\n<figure class=\"wp-block-image\"><img loading=\"lazy\" decoding=\"async\" width=\"1024\" height=\"684\" src=\"https:\/\/freilassing-logopaedie.de\/wp-content\/uploads\/2024\/07\/logo-24-02-28-10-44-02-1024x684.jpg\" alt=\"\" class=\"wp-image-1190\" srcset=\"https:\/\/freilassing-logopaedie.de\/wp-content\/uploads\/2024\/07\/logo-24-02-28-10-44-02-1024x684.jpg 1024w, https:\/\/freilassing-logopaedie.de\/wp-content\/uploads\/2024\/07\/logo-24-02-28-10-44-02-300x200.jpg 300w, https:\/\/freilassing-logopaedie.de\/wp-content\/uploads\/2024\/07\/logo-24-02-28-10-44-02-768x513.jpg 768w, https:\/\/freilassing-logopaedie.de\/wp-content\/uploads\/2024\/07\/logo-24-02-28-10-44-02-676x451.jpg 676w\" sizes=\"auto, (max-width: 1024px) 100vw, 1024px\" \/><\/figure>\n\n\n<p style=\"text-align: justify;\">Das qualifizierte Team der Logop\u00e4die Freilassing behandelt\u00a0alle logop\u00e4dischen Bereiche der Sprachtherapie, Sprechtherapie, Stimmtherapie und Schlucktherapie.\u00a0Mit unserem\u00a0pers\u00f6nlichen Engagement, unserer fachlichen Kompetenz und \u00a0unserer\u00a0beruflichen Erfahrung m\u00f6chten wir Sie unterst\u00fctzen.<\/p>\n<p style=\"text-align: justify;\"><strong>Unser Ziel ist Ihr Therapieerfolg.<\/strong> Dabei gehen wir auf Ihre Bed\u00fcrfnisse ein und passen die Therapie f\u00fcr Sie pers\u00f6nlich an.<\/p>\n\n\n<p class=\"has-accent-color has-text-color has-link-color wp-elements-61cdf7ce41af20fec242bc0940051e50\"><em><strong>Wir freuen uns, Sie pers\u00f6nlich kennen zu lernen!<\/strong><\/em><\/p>\n\n\n\n<p><\/p>\n","protected":false},"excerpt":{"rendered":"<p>auf der Homepage der &#8222;Logop\u00e4die Freilassing&#8220;. Sie k\u00f6nnen gerne die Online-Anmeldefunktion nutzen: Das qualifizierte Team der Logop\u00e4die Freilassing behandelt\u00a0alle logop\u00e4dischen Bereiche der Sprachtherapie, Sprechtherapie, Stimmtherapie und Schlucktherapie.\u00a0Mit unserem\u00a0pers\u00f6nlichen Engagement, unserer fachlichen Kompetenz und \u00a0unserer\u00a0beruflichen Erfahrung m\u00f6chten wir Sie unterst\u00fctzen. Unser Ziel ist Ihr Therapieerfolg. Dabei gehen wir auf Ihre Bed\u00fcrfnisse ein und passen die Therapie [&hellip;]<\/p>\n","protected":false},"author":1,"featured_media":0,"parent":0,"menu_order":0,"comment_status":"closed","ping_status":"closed","template":"","meta":{"footnotes":""},"class_list":["post-33","page","type-page","status-publish","hentry"],"_links":{"self":[{"href":"https:\/\/freilassing-logopaedie.de\/index.php?rest_route=\/wp\/v2\/pages\/33","targetHints":{"allow":["GET"]}}],"collection":[{"href":"https:\/\/freilassing-logopaedie.de\/index.php?rest_route=\/wp\/v2\/pages"}],"about":[{"href":"https:\/\/freilassing-logopaedie.de\/index.php?rest_route=\/wp\/v2\/types\/page"}],"author":[{"embeddable":true,"href":"https:\/\/freilassing-logopaedie.de\/index.php?rest_route=\/wp\/v2\/users\/1"}],"replies":[{"embeddable":true,"href":"https:\/\/freilassing-logopaedie.de\/index.php?rest_route=%2Fwp%2Fv2%2Fcomments&post=33"}],"version-history":[{"count":60,"href":"https:\/\/freilassing-logopaedie.de\/index.php?rest_route=\/wp\/v2\/pages\/33\/revisions"}],"predecessor-version":[{"id":1304,"href":"https:\/\/freilassing-logopaedie.de\/index.php?rest_route=\/wp\/v2\/pages\/33\/revisions\/1304"}],"wp:attachment":[{"href":"https:\/\/freilassing-logopaedie.de\/index.php?rest_route=%2Fwp%2Fv2%2Fmedia&parent=33"}],"curies":[{"name":"wp","href":"https:\/\/api.w.org\/{rel}","templated":true}]}}