{"id":2,"date":"2014-12-23T16:49:59","date_gmt":"2014-12-23T16:49:59","guid":{"rendered":"http:\/\/freilassing-logopaedie.de\/?page_id=2"},"modified":"2022-09-19T15:38:40","modified_gmt":"2022-09-19T15:38:40","slug":"besondere-angebote","status":"publish","type":"page","link":"https:\/\/freilassing-logopaedie.de\/?page_id=2","title":{"rendered":"Besondere Angebote"},"content":{"rendered":"<p style=\"text-align: left;\">In unserer Praxis &#8222;Logop\u00e4die Freilassing&#8220; haben wir besondere Angebote f\u00fcr Sie:<\/p>\n<p style=\"text-align: left;\"><a href=\"https:\/\/freilassing-logopaedie.de\/wp-content\/uploads\/2015\/01\/3-K\u00f6pfe-bearbeitet1.jpg\"><img loading=\"lazy\" decoding=\"async\" class=\" size-medium wp-image-370 alignright\" src=\"https:\/\/freilassing-logopaedie.de\/wp-content\/uploads\/2015\/01\/3-K\u00f6pfe-bearbeitet1-300x203.jpg\" alt=\"3 K\u00f6pfe bearbeitet\" width=\"300\" height=\"203\" srcset=\"https:\/\/freilassing-logopaedie.de\/wp-content\/uploads\/2015\/01\/3-K\u00f6pfe-bearbeitet1-300x203.jpg 300w, https:\/\/freilassing-logopaedie.de\/wp-content\/uploads\/2015\/01\/3-K\u00f6pfe-bearbeitet1.jpg 1024w, https:\/\/freilassing-logopaedie.de\/wp-content\/uploads\/2015\/01\/3-K\u00f6pfe-bearbeitet1-676x457.jpg 676w\" sizes=\"auto, (max-width: 300px) 100vw, 300px\" \/><\/a><\/p>\n<ul style=\"text-align: left;\">\n<li><a title=\"Fortbildung f\u00fcr Lehrkr\u00e4fte\" href=\"https:\/\/freilassing-logopaedie.de\/?page_id=168\"><span style=\"color: #99cc00;\">Fortbildung f\u00fcr Lehrkr\u00e4fte<\/span><\/a><\/li>\n<li><a title=\"Elterntraining\" href=\"https:\/\/freilassing-logopaedie.de\/?page_id=172\"><span style=\"color: #99cc00;\">Elterntraining<\/span><\/a><\/li>\n<li><a title=\"Coaching f\u00fcr Sprechberufe und professionelle Stimmen\" href=\"https:\/\/freilassing-logopaedie.de\/?page_id=122\"><span style=\"color: #99cc00;\">Coaching f\u00fcr Sprechberufe und professionelle Stimmen<\/span><\/a><\/li>\n<\/ul>\n<p style=\"text-align: justify;\">Das Coaching f\u00fcr Sprechberufe und professionelle Stimmen, das Elterntraining sowie die Fortbildungen f\u00fcr Lehrkr\u00e4fte werden von Lisa H\u00e4rtter angeboten.<\/p>\n","protected":false},"excerpt":{"rendered":"<p>In unserer Praxis &#8222;Logop\u00e4die Freilassing&#8220; haben wir besondere Angebote f\u00fcr Sie: Fortbildung f\u00fcr Lehrkr\u00e4fte Elterntraining Coaching f\u00fcr Sprechberufe und professionelle Stimmen Das Coaching f\u00fcr Sprechberufe und professionelle Stimmen, das Elterntraining sowie die Fortbildungen f\u00fcr Lehrkr\u00e4fte werden von Lisa H\u00e4rtter angeboten.<\/p>\n","protected":false},"author":1,"featured_media":0,"parent":0,"menu_order":0,"comment_status":"closed","ping_status":"closed","template":"","meta":{"footnotes":""},"class_list":["post-2","page","type-page","status-publish","hentry"],"_links":{"self":[{"href":"https:\/\/freilassing-logopaedie.de\/index.php?rest_route=\/wp\/v2\/pages\/2","targetHints":{"allow":["GET"]}}],"collection":[{"href":"https:\/\/freilassing-logopaedie.de\/index.php?rest_route=\/wp\/v2\/pages"}],"about":[{"href":"https:\/\/freilassing-logopaedie.de\/index.php?rest_route=\/wp\/v2\/types\/page"}],"author":[{"embeddable":true,"href":"https:\/\/freilassing-logopaedie.de\/index.php?rest_route=\/wp\/v2\/users\/1"}],"replies":[{"embeddable":true,"href":"https:\/\/freilassing-logopaedie.de\/index.php?rest_route=%2Fwp%2Fv2%2Fcomments&post=2"}],"version-history":[{"count":16,"href":"https:\/\/freilassing-logopaedie.de\/index.php?rest_route=\/wp\/v2\/pages\/2\/revisions"}],"predecessor-version":[{"id":1067,"href":"https:\/\/freilassing-logopaedie.de\/index.php?rest_route=\/wp\/v2\/pages\/2\/revisions\/1067"}],"wp:attachment":[{"href":"https:\/\/freilassing-logopaedie.de\/index.php?rest_route=%2Fwp%2Fv2%2Fmedia&parent=2"}],"curies":[{"name":"wp","href":"https:\/\/api.w.org\/{rel}","templated":true}]}}