{"id":168,"date":"2014-12-28T18:30:22","date_gmt":"2014-12-28T18:30:22","guid":{"rendered":"http:\/\/freilassing-logopaedie.de\/?page_id=168"},"modified":"2018-07-04T20:34:59","modified_gmt":"2018-07-04T20:34:59","slug":"fortbildung-fuer-lehrer","status":"publish","type":"page","link":"https:\/\/freilassing-logopaedie.de\/?page_id=168","title":{"rendered":"Fortbildung f\u00fcr P\u00e4dagogen"},"content":{"rendered":"<p style=\"text-align: justify;\">In der Praxis sowie bei Fortbildungen werde ich immer wieder von P\u00e4dagogen angesprochen, dass sie st\u00e4ndig heiser sind, teilweise Schmerzen beim Sprechen oder sonstige Probleme mit ihrer Stimme haben. Manchmal\u00a0h\u00e4lt die Stimme dem Alltag nicht mehr stand.<\/p>\n<p style=\"text-align: justify;\">Besonders P\u00e4dagogen haben einen sehr intensiven Sprechberuf. Hinzu kommen im Arbeitsalltag psychische Belastungen, welche sich auf die Stimme\u00a0schlagen. H\u00e4ufig macht sich dies durch ein Klo\u00dfgef\u00fchl im Hals, einem R\u00e4usperzwang, einem starkem Husten oder einer Atemnot beim Sprechen bemerkbar.<\/p>\n<p style=\"text-align: justify;\"><strong>Um Ihnen einen gesunden Umgang mit der<span style=\"color: #99cc00;\"> Stimme &#8211; Ihrem wichtigsten Arbeitswerkzeug<\/span> &#8211; zu vermitteln und einer Stimmst\u00f6rung vorzubeugen, biete ich Fortbildungen zum Thema Stimme an.<\/strong><\/p>\n<hr \/>\n<h4 style=\"text-align: center;\"><em><span style=\"color: #99cc00;\"><strong>Ich freue mich darauf, die Inhalte mit Ihnen abzustimmen und speziell auf Ihre Bed\u00fcrfnisse einzugehen. So kann ich Ihnen einen &#8222;stimmigen&#8220; Kurs\u00a0anbieten.<\/strong><\/span><\/em><\/h4>\n","protected":false},"excerpt":{"rendered":"<p>In der Praxis sowie bei Fortbildungen werde ich immer wieder von P\u00e4dagogen angesprochen, dass sie st\u00e4ndig heiser sind, teilweise Schmerzen beim Sprechen oder sonstige Probleme mit ihrer Stimme haben. Manchmal\u00a0h\u00e4lt die Stimme dem Alltag nicht mehr stand. Besonders P\u00e4dagogen haben einen sehr intensiven Sprechberuf. Hinzu kommen im Arbeitsalltag psychische Belastungen, welche sich auf die Stimme\u00a0schlagen. [&hellip;]<\/p>\n","protected":false},"author":1,"featured_media":0,"parent":2,"menu_order":0,"comment_status":"closed","ping_status":"closed","template":"","meta":{"footnotes":""},"class_list":["post-168","page","type-page","status-publish","hentry"],"_links":{"self":[{"href":"https:\/\/freilassing-logopaedie.de\/index.php?rest_route=\/wp\/v2\/pages\/168","targetHints":{"allow":["GET"]}}],"collection":[{"href":"https:\/\/freilassing-logopaedie.de\/index.php?rest_route=\/wp\/v2\/pages"}],"about":[{"href":"https:\/\/freilassing-logopaedie.de\/index.php?rest_route=\/wp\/v2\/types\/page"}],"author":[{"embeddable":true,"href":"https:\/\/freilassing-logopaedie.de\/index.php?rest_route=\/wp\/v2\/users\/1"}],"replies":[{"embeddable":true,"href":"https:\/\/freilassing-logopaedie.de\/index.php?rest_route=%2Fwp%2Fv2%2Fcomments&post=168"}],"version-history":[{"count":21,"href":"https:\/\/freilassing-logopaedie.de\/index.php?rest_route=\/wp\/v2\/pages\/168\/revisions"}],"predecessor-version":[{"id":830,"href":"https:\/\/freilassing-logopaedie.de\/index.php?rest_route=\/wp\/v2\/pages\/168\/revisions\/830"}],"up":[{"embeddable":true,"href":"https:\/\/freilassing-logopaedie.de\/index.php?rest_route=\/wp\/v2\/pages\/2"}],"wp:attachment":[{"href":"https:\/\/freilassing-logopaedie.de\/index.php?rest_route=%2Fwp%2Fv2%2Fmedia&parent=168"}],"curies":[{"name":"wp","href":"https:\/\/api.w.org\/{rel}","templated":true}]}}