{"id":166,"date":"2014-12-28T18:29:54","date_gmt":"2014-12-28T18:29:54","guid":{"rendered":"http:\/\/freilassing-logopaedie.de\/?page_id=166"},"modified":"2026-03-22T20:19:57","modified_gmt":"2026-03-22T20:19:57","slug":"trans","status":"publish","type":"page","link":"https:\/\/freilassing-logopaedie.de\/?page_id=166","title":{"rendered":"Stimmtransition f\u00fcr trans* inter* und queere Menschen"},"content":{"rendered":"\n<figure class=\"wp-block-audio\"><audio controls src=\"https:\/\/freilassing-logopaedie.de\/wp-content\/uploads\/2026\/03\/Ally_maennlich_mp3.mp3\"><\/audio><figcaption class=\"wp-element-caption\">Trans*Klientin <strong>vor<\/strong> dem Stimmtraining<\/figcaption><\/figure>\n\n\n\n<figure class=\"wp-block-audio\"><audio controls src=\"https:\/\/freilassing-logopaedie.de\/wp-content\/uploads\/2026\/03\/Ally_weiblich_mp3.mp3\"><\/audio><figcaption class=\"wp-element-caption\">Trans*Klientin <strong>nach <\/strong>dem Stimmtraining<\/figcaption><\/figure>\n\n\n\n<p>Meistens bedarf die Stimmtransition bei Mann-zu-Frau ein spezielles Stimmtraining. <\/p>\n\n\n\n<h3 class=\"wp-block-heading\"><strong>Um als Frau akzeptiert zu werden, muss man auch als Frau wahrgenommen werden.&nbsp;<\/strong><\/h3>\n\n\n\n<p>Die weibliche Stimme ist dabei ein wesentliches Merkmal. Die Stimmarbeit mit Trans* inter* und queren Menschen wird in den meisten logop\u00e4dischen Praxen nicht angeboten. Aufgrund meines Interesses an der Stimme sowie dem Hintergrund, dass das selbstst\u00e4ndige Ver\u00e4ndern und Be\u00fcben der Stimme, Risiken mit sich bringt, habe ich mich auf diesen Bereich spezialisiert.<\/p>\n\n\n\n<p>Dabei wird nicht nur an der Tonh\u00f6he gearbeitet, da diese nicht alleine den Unterschied zwischen m\u00e4nnlicher und weiblicher Stimme macht.<\/p>\n\n\n\n<p>Bei einer Transition von Frau-zu-Mann, kommt es jedoch \u00f6fter vor, dass die Stimme trotz der Hormone und dem Wachstum des Kehlkopfes als sehr weiblich empfunden wird. Auch hier kann ein gezieltes Stimmtraining helfen, in eine dickere, tiefere und m\u00e4nnlichere Stimme zu erreichen. <\/p>\n\n\n\n<p>Ich werde dich bei der Stimmtransition&nbsp;Schritt f\u00fcr Schritt begleiten und unterst\u00fctzen, eine authentische und gesunde&nbsp;Stimme zu erreichen. <\/p>\n\n\n\n<p><strong><span style=\"color: #99cc00;\">Therapiebereiche sind:<\/span> <\/strong><em>Wahrnehmung,&nbsp;Stimmklang, Resonanz, Tohnh\u00f6he, Sprechmelodie, aber auch Aussprache, Betonung, Wortwahl und K\u00f6rpersprache.<\/em><\/p>\n\n\n\n<p>Die Stimme ist f\u00fcr mich ein Instrument, welches gezielt be\u00fcbt werden kann. Wie bei jedem Instrument steckt hinter dem Erfolg der Flei\u00df und die richtige Technik, welche den Erfolg ma\u00dfgeblich beeinflussen.<\/p>\n\n\n\n<h4 class=\"wp-block-heading\"><span style=\"color: #99cc00;\">Ich freue mich darauf, dich&nbsp;bei dem Finden deiner&nbsp;pers\u00f6nlichen Stimme zu begleiten.&nbsp;<\/span><\/h4>\n\n\n\n<h4 class=\"wp-block-heading has-text-align-center\"><strong><span style=\"font-size: 19px;\">Einmal monatlich findet eine intensiv Stimmtransition-\u00dcbungsgruppe statt. <\/span><\/strong><\/h4>\n\n\n\n<p class=\"has-text-align-center\"><strong><span style=\"font-size: 19px;\">Interessiert? Dann melde dich bei uns.<\/span><\/strong><\/p>\n\n\n\n<hr class=\"wp-block-separator has-alpha-channel-opacity\"\/>\n\n\n<div class=\"wp-block-image\">\n<figure class=\"aligncenter\"><a href=\"https:\/\/freilassing-logopaedie.de\/wp-content\/uploads\/2015\/01\/Mara-at-Blue-Mt-Retreat-Ctr-Haiku.jpg\" target=\"_blank\" rel=\"noopener\"><img loading=\"lazy\" decoding=\"async\" width=\"300\" height=\"200\" src=\"https:\/\/freilassing-logopaedie.de\/wp-content\/uploads\/2015\/01\/Mara-at-Blue-Mt-Retreat-Ctr-Haiku-300x200.jpg\" alt=\"Mara at Blue Mt Retreat Ctr Haiku\" class=\"wp-image-611\" srcset=\"https:\/\/freilassing-logopaedie.de\/wp-content\/uploads\/2015\/01\/Mara-at-Blue-Mt-Retreat-Ctr-Haiku-300x200.jpg 300w, https:\/\/freilassing-logopaedie.de\/wp-content\/uploads\/2015\/01\/Mara-at-Blue-Mt-Retreat-Ctr-Haiku-676x451.jpg 676w, https:\/\/freilassing-logopaedie.de\/wp-content\/uploads\/2015\/01\/Mara-at-Blue-Mt-Retreat-Ctr-Haiku.jpg 960w\" sizes=\"auto, (max-width: 300px) 100vw, 300px\" \/><\/a><\/figure>\n<\/div>\n\n\n<p><\/p>\n\n\n\n<p class=\"has-text-align-center\">&nbsp;<em>Mara, eine wundervolle Trans*Frau!<\/em><\/p>\n\n\n\n<p><\/p>\n\n\n\n<p><\/p>\n","protected":false},"excerpt":{"rendered":"<p>Meistens bedarf die Stimmtransition bei Mann-zu-Frau ein spezielles Stimmtraining. Um als Frau akzeptiert zu werden, muss man auch als Frau wahrgenommen werden.&nbsp; Die weibliche Stimme ist dabei ein wesentliches Merkmal. Die Stimmarbeit mit Trans* inter* und queren Menschen wird in den meisten logop\u00e4dischen Praxen nicht angeboten. Aufgrund meines Interesses an der Stimme sowie dem Hintergrund, [&hellip;]<\/p>\n","protected":false},"author":1,"featured_media":0,"parent":114,"menu_order":0,"comment_status":"closed","ping_status":"closed","template":"","meta":{"footnotes":""},"class_list":["post-166","page","type-page","status-publish","hentry"],"_links":{"self":[{"href":"https:\/\/freilassing-logopaedie.de\/index.php?rest_route=\/wp\/v2\/pages\/166","targetHints":{"allow":["GET"]}}],"collection":[{"href":"https:\/\/freilassing-logopaedie.de\/index.php?rest_route=\/wp\/v2\/pages"}],"about":[{"href":"https:\/\/freilassing-logopaedie.de\/index.php?rest_route=\/wp\/v2\/types\/page"}],"author":[{"embeddable":true,"href":"https:\/\/freilassing-logopaedie.de\/index.php?rest_route=\/wp\/v2\/users\/1"}],"replies":[{"embeddable":true,"href":"https:\/\/freilassing-logopaedie.de\/index.php?rest_route=%2Fwp%2Fv2%2Fcomments&post=166"}],"version-history":[{"count":30,"href":"https:\/\/freilassing-logopaedie.de\/index.php?rest_route=\/wp\/v2\/pages\/166\/revisions"}],"predecessor-version":[{"id":1316,"href":"https:\/\/freilassing-logopaedie.de\/index.php?rest_route=\/wp\/v2\/pages\/166\/revisions\/1316"}],"up":[{"embeddable":true,"href":"https:\/\/freilassing-logopaedie.de\/index.php?rest_route=\/wp\/v2\/pages\/114"}],"wp:attachment":[{"href":"https:\/\/freilassing-logopaedie.de\/index.php?rest_route=%2Fwp%2Fv2%2Fmedia&parent=166"}],"curies":[{"name":"wp","href":"https:\/\/api.w.org\/{rel}","templated":true}]}}