{"id":160,"date":"2014-12-28T18:29:23","date_gmt":"2014-12-28T18:29:23","guid":{"rendered":"http:\/\/freilassing-logopaedie.de\/?page_id=160"},"modified":"2022-09-28T08:32:14","modified_gmt":"2022-09-28T08:32:14","slug":"stimmstoerungen","status":"publish","type":"page","link":"https:\/\/freilassing-logopaedie.de\/?page_id=160","title":{"rendered":"Stimmst\u00f6rungen"},"content":{"rendered":"\n<figure class=\"wp-block-image\"><img loading=\"lazy\" decoding=\"async\" width=\"1024\" height=\"683\" src=\"https:\/\/freilassing-logopaedie.de\/wp-content\/uploads\/2022\/09\/MG_0568-1024x683.jpg\" alt=\"\" class=\"wp-image-1075\" srcset=\"https:\/\/freilassing-logopaedie.de\/wp-content\/uploads\/2022\/09\/MG_0568-1024x683.jpg 1024w, https:\/\/freilassing-logopaedie.de\/wp-content\/uploads\/2022\/09\/MG_0568-300x200.jpg 300w, https:\/\/freilassing-logopaedie.de\/wp-content\/uploads\/2022\/09\/MG_0568-768x512.jpg 768w, https:\/\/freilassing-logopaedie.de\/wp-content\/uploads\/2022\/09\/MG_0568-676x451.jpg 676w\" sizes=\"auto, (max-width: 1024px) 100vw, 1024px\" \/><figcaption>LaxVox &#8211; Eine effektive Stimm\u00fcbung <\/figcaption><\/figure>\n\n\n<p style=\"text-align: justify;\">Die Stimme als Ausdruck unserer Pers\u00f6nlichkeit muss immer ganzheitlich gesehen\u00a0werden.\u00a0Die Funktionskreise:<\/p>\n<p style=\"text-align: center;\"><span style=\"color: #99cc00;\"><strong>\u00a0<\/strong><\/span><strong><span style=\"color: #99cc00;\">Stimme\u00a0<\/span><\/strong><span style=\"color: #99cc00;\">und<\/span><strong><span style=\"color: #99cc00;\">\u00a0Sprechen<\/span><\/strong><span style=\"color: #99cc00;\">,<\/span><\/p>\n<p style=\"text-align: center;\"><span style=\"color: #99cc00;\"><strong>Wahrnehmung \/ Intention<\/strong><\/span><\/p>\n<p style=\"text-align: center;\"><span style=\"color: #99cc00;\"><strong>Haltung \/ Bewegung \/ Tonus<\/strong><\/span><\/p>\n<p style=\"text-align: center;\"><strong style=\"color: #99cc00; text-align: center;\">Atmung<\/strong><\/p>\n<p style=\"text-align: justify;\">werden wir miteinander betrachten und bearbeiten, da diese unsere\u00a0Stimme beeinflussen. Dabei legen wir gro\u00dfen Wert darauf, dass Sie sich in der Stimmtherapie wohl f\u00fchlen und die Inhalte auf Sie pers\u00f6nlich abgestimmt werden.<\/p>\n<hr \/>\n<h4 style=\"text-align: center;\"><em><strong><span style=\"color: #99cc00;\">Unser\u00a0Ziel ist, dass\u00a0Sie Ihre\u00a0gesunde und authentische Stimme\u00a0wiedererlangen.<\/span><\/strong><\/em><\/h4>\n<hr \/>\n<h3 style=\"text-align: left;\"><strong>Stimmst\u00f6rungen (Dysphonien) lassen sich unterscheiden in:\u00a0<\/strong><\/h3>\n<h4 style=\"text-align: left;\"><span style=\"color: #99cc00;\"><b>Organische Dysphonie:\u00a0<\/b><\/span><\/h4>\n<p style=\"text-align: left; padding-left: 30px;\">Stimmprobleme z.B.\u00a0nach Operationen, Stimmbandkn\u00f6tchen,\u00a0Polypen, \u00a0 \u00a0 Zysten, \u00d6demen, Stimmbandl\u00e4hmungen.<\/p>\n<h4 style=\"text-align: left;\"><span style=\"color: #99cc00;\"><strong>Funktionelle Dysphonie:<\/strong><\/span><\/h4>\n<p style=\"text-align: left; padding-left: 30px;\">Hyperfunktionelle Dysphonie (Heiserkeit, R\u00e4usperzwang,\u00a0Klo\u00dfgef\u00fchl). \u00a0 Hypofunktionelle Dysphonie (behauchte Stimme, kraftlose Stimme).<\/p>\n<h4><span style=\"color: #99cc00;\"><strong>Psychogene Dysphonie:<\/strong><\/span><\/h4>\n<p style=\"padding-left: 30px;\">Einschr\u00e4nkung der Stimme auf Grund psychischer Belastungen.<\/p>\n<h4><span style=\"color: #99cc00;\"><strong>Aphonien:<\/strong><\/span><\/h4>\n<p style=\"text-align: left; padding-left: 30px;\">Vollst\u00e4ndiges\u00a0Wegbleiben der Stimme \u00fcber kurze oder l\u00e4ngere Zeit.<\/p>\n<h4><span style=\"color: #99cc00;\"><strong>Dysodie:<\/strong><\/span><\/h4>\n<p style=\"text-align: left; padding-left: 30px;\">Beeintr\u00e4chtigung der Singstimme.<\/p>\n<h4 style=\"text-align: left;\"><span style=\"color: #99cc00;\"><strong>Kindliche Dysphonie:\u00a0<\/strong><\/span><\/h4>\n<p style=\"padding-left: 30px;\">Stimmst\u00f6rung im Kindesalter.<\/p>\n<p style=\"text-align: center;\">\u00a0<\/p>","protected":false},"excerpt":{"rendered":"<p>Die Stimme als Ausdruck unserer Pers\u00f6nlichkeit muss immer ganzheitlich gesehen\u00a0werden.\u00a0Die Funktionskreise: \u00a0Stimme\u00a0und\u00a0Sprechen, Wahrnehmung \/ Intention Haltung \/ Bewegung \/ Tonus Atmung werden wir miteinander betrachten und bearbeiten, da diese unsere\u00a0Stimme beeinflussen. Dabei legen wir gro\u00dfen Wert darauf, dass Sie sich in der Stimmtherapie wohl f\u00fchlen und die Inhalte auf Sie pers\u00f6nlich abgestimmt werden. Unser\u00a0Ziel ist, [&hellip;]<\/p>\n","protected":false},"author":1,"featured_media":0,"parent":114,"menu_order":0,"comment_status":"closed","ping_status":"closed","template":"","meta":{"footnotes":""},"class_list":["post-160","page","type-page","status-publish","hentry"],"_links":{"self":[{"href":"https:\/\/freilassing-logopaedie.de\/index.php?rest_route=\/wp\/v2\/pages\/160","targetHints":{"allow":["GET"]}}],"collection":[{"href":"https:\/\/freilassing-logopaedie.de\/index.php?rest_route=\/wp\/v2\/pages"}],"about":[{"href":"https:\/\/freilassing-logopaedie.de\/index.php?rest_route=\/wp\/v2\/types\/page"}],"author":[{"embeddable":true,"href":"https:\/\/freilassing-logopaedie.de\/index.php?rest_route=\/wp\/v2\/users\/1"}],"replies":[{"embeddable":true,"href":"https:\/\/freilassing-logopaedie.de\/index.php?rest_route=%2Fwp%2Fv2%2Fcomments&post=160"}],"version-history":[{"count":33,"href":"https:\/\/freilassing-logopaedie.de\/index.php?rest_route=\/wp\/v2\/pages\/160\/revisions"}],"predecessor-version":[{"id":1107,"href":"https:\/\/freilassing-logopaedie.de\/index.php?rest_route=\/wp\/v2\/pages\/160\/revisions\/1107"}],"up":[{"embeddable":true,"href":"https:\/\/freilassing-logopaedie.de\/index.php?rest_route=\/wp\/v2\/pages\/114"}],"wp:attachment":[{"href":"https:\/\/freilassing-logopaedie.de\/index.php?rest_route=%2Fwp%2Fv2%2Fmedia&parent=160"}],"curies":[{"name":"wp","href":"https:\/\/api.w.org\/{rel}","templated":true}]}}