{"id":158,"date":"2014-12-28T18:29:12","date_gmt":"2014-12-28T18:29:12","guid":{"rendered":"http:\/\/freilassing-logopaedie.de\/?page_id=158"},"modified":"2018-09-29T10:46:15","modified_gmt":"2018-09-29T10:46:15","slug":"myofunktionelle-stoerungen","status":"publish","type":"page","link":"https:\/\/freilassing-logopaedie.de\/?page_id=158","title":{"rendered":"Myofunktionelle St\u00f6rung"},"content":{"rendered":"<p style=\"text-align: justify;\"><a href=\"https:\/\/freilassing-logopaedie.de\/wp-content\/uploads\/2015\/01\/Alina-Pferdezunge.jpg\" target=\"_blank\" rel=\"noopener\"><br \/>\n<img loading=\"lazy\" decoding=\"async\" class=\"aligncenter wp-image-395 size-medium\" src=\"https:\/\/freilassing-logopaedie.de\/wp-content\/uploads\/2015\/01\/Alina-Pferdezunge-243x300.jpg\" alt=\"Alina Pferdezunge\" width=\"243\" height=\"300\" srcset=\"https:\/\/freilassing-logopaedie.de\/wp-content\/uploads\/2015\/01\/Alina-Pferdezunge-243x300.jpg 243w, https:\/\/freilassing-logopaedie.de\/wp-content\/uploads\/2015\/01\/Alina-Pferdezunge.jpg 831w, https:\/\/freilassing-logopaedie.de\/wp-content\/uploads\/2015\/01\/Alina-Pferdezunge-676x833.jpg 676w\" sizes=\"auto, (max-width: 243px) 100vw, 243px\" \/><\/a><\/p>\n<hr \/>\n<p style=\"text-align: justify;\">Die\u00a0myofunktionelle St\u00f6rung ist eine St\u00f6rung des Schluckablaufes und der dabei beteiligten Muskulatur. H\u00e4ufig dr\u00fcckt beim Schluckakt die Zunge an die vorderen Z\u00e4hne, wodurch die Z\u00e4hne einem enormen Druck ausgesetzt sind. Dieser Druck kann die Z\u00e4hne verschieben, weshalb eine Therapie h\u00e4ufig parallel zur kieferorthop\u00e4dischen Behandlung stattfindet.<\/p>\n<hr \/>\n<p style=\"text-align: justify;\">\u00a0<a href=\"https:\/\/freilassing-logopaedie.de\/wp-content\/uploads\/2015\/01\/Sarah-Gummib%C3%A4rchen-269x300.jpg\" target=\"_blank\" rel=\"noopener\"><img loading=\"lazy\" decoding=\"async\" class=\"alignright\" src=\"https:\/\/freilassing-logopaedie.de\/wp-content\/uploads\/2015\/01\/Sarah-Gummib%C3%A4rchen-269x300.jpg\" alt=\"Sarah Gummib\u00e4rchen\" width=\"260\" height=\"286\" \/><\/a><a href=\"https:\/\/freilassing-logopaedie.de\/wp-content\/uploads\/2015\/01\/Alina-Schlangen.jpg\" target=\"_blank\" rel=\"noopener\"><img loading=\"lazy\" decoding=\"async\" class=\"alignleft wp-image-396 size-medium\" src=\"https:\/\/freilassing-logopaedie.de\/wp-content\/uploads\/2015\/01\/Alina-Schlangen-233x300.jpg\" alt=\"Alina Schlangen\" width=\"233\" height=\"300\" srcset=\"https:\/\/freilassing-logopaedie.de\/wp-content\/uploads\/2015\/01\/Alina-Schlangen-233x300.jpg 233w, https:\/\/freilassing-logopaedie.de\/wp-content\/uploads\/2015\/01\/Alina-Schlangen.jpg 797w, https:\/\/freilassing-logopaedie.de\/wp-content\/uploads\/2015\/01\/Alina-Schlangen-676x869.jpg 676w\" sizes=\"auto, (max-width: 233px) 100vw, 233px\" \/><\/a><\/p>\n<p style=\"text-align: center;\"><em>Die Fotos zeigen Beispiele einer spielerischen Verbesserung der Mundmotorik!<\/em><\/p>\n<p>&nbsp;<\/p>\n<p>&nbsp;<\/p>\n<p>In der myofunktionellen Therapie kommen verschiedene Methoden zum Einsatz. Unter anderen wird in Anlehnung an M.U.N.T. sowie NF!T gearbeitet.<\/p>\n","protected":false},"excerpt":{"rendered":"<p>Die\u00a0myofunktionelle St\u00f6rung ist eine St\u00f6rung des Schluckablaufes und der dabei beteiligten Muskulatur. H\u00e4ufig dr\u00fcckt beim Schluckakt die Zunge an die vorderen Z\u00e4hne, wodurch die Z\u00e4hne einem enormen Druck ausgesetzt sind. Dieser Druck kann die Z\u00e4hne verschieben, weshalb eine Therapie h\u00e4ufig parallel zur kieferorthop\u00e4dischen Behandlung stattfindet. \u00a0 Die Fotos zeigen Beispiele einer spielerischen Verbesserung der Mundmotorik! [&hellip;]<\/p>\n","protected":false},"author":1,"featured_media":0,"parent":114,"menu_order":0,"comment_status":"closed","ping_status":"closed","template":"","meta":{"footnotes":""},"class_list":["post-158","page","type-page","status-publish","hentry"],"_links":{"self":[{"href":"https:\/\/freilassing-logopaedie.de\/index.php?rest_route=\/wp\/v2\/pages\/158","targetHints":{"allow":["GET"]}}],"collection":[{"href":"https:\/\/freilassing-logopaedie.de\/index.php?rest_route=\/wp\/v2\/pages"}],"about":[{"href":"https:\/\/freilassing-logopaedie.de\/index.php?rest_route=\/wp\/v2\/types\/page"}],"author":[{"embeddable":true,"href":"https:\/\/freilassing-logopaedie.de\/index.php?rest_route=\/wp\/v2\/users\/1"}],"replies":[{"embeddable":true,"href":"https:\/\/freilassing-logopaedie.de\/index.php?rest_route=%2Fwp%2Fv2%2Fcomments&post=158"}],"version-history":[{"count":12,"href":"https:\/\/freilassing-logopaedie.de\/index.php?rest_route=\/wp\/v2\/pages\/158\/revisions"}],"predecessor-version":[{"id":1223,"href":"https:\/\/freilassing-logopaedie.de\/index.php?rest_route=\/wp\/v2\/pages\/158\/revisions\/1223"}],"up":[{"embeddable":true,"href":"https:\/\/freilassing-logopaedie.de\/index.php?rest_route=\/wp\/v2\/pages\/114"}],"wp:attachment":[{"href":"https:\/\/freilassing-logopaedie.de\/index.php?rest_route=%2Fwp%2Fv2%2Fmedia&parent=158"}],"curies":[{"name":"wp","href":"https:\/\/api.w.org\/{rel}","templated":true}]}}