{"id":156,"date":"2014-12-28T18:29:03","date_gmt":"2014-12-28T18:29:03","guid":{"rendered":"http:\/\/freilassing-logopaedie.de\/?page_id=156"},"modified":"2024-07-17T21:14:26","modified_gmt":"2024-07-17T21:14:26","slug":"kindliche-sprachentwicklungsstoerungen","status":"publish","type":"page","link":"https:\/\/freilassing-logopaedie.de\/?page_id=156","title":{"rendered":"Kindliche Sprachentwicklungs-st\u00f6rungen"},"content":{"rendered":"<h4 style=\"text-align: center;\"><em>In der Kindertherapie ist f\u00fcr uns das Wichtigste, dass die Kinder gerne zur Therapie kommen und somit leichter lernen. <\/em><\/h4>\n<h4 style=\"text-align: center;\"><em>Ziel jeder Therapie ist es, dass das Kind mit Freude spricht und die Sprache entdeckt!<\/em><\/h4>\n\n\n<ul class=\"wp-block-gallery columns-2 is-cropped wp-block-gallery-1 is-layout-flex wp-block-gallery-is-layout-flex\"><li class=\"blocks-gallery-item\"><figure><img loading=\"lazy\" decoding=\"async\" width=\"1024\" height=\"684\" src=\"https:\/\/freilassing-logopaedie.de\/wp-content\/uploads\/2024\/07\/logo-24-02-28-09-14-23-1024x684.jpg\" alt=\"\" data-id=\"1171\" data-link=\"https:\/\/freilassing-logopaedie.de\/?attachment_id=1171\" class=\"wp-image-1171\" srcset=\"https:\/\/freilassing-logopaedie.de\/wp-content\/uploads\/2024\/07\/logo-24-02-28-09-14-23-1024x684.jpg 1024w, https:\/\/freilassing-logopaedie.de\/wp-content\/uploads\/2024\/07\/logo-24-02-28-09-14-23-300x200.jpg 300w, https:\/\/freilassing-logopaedie.de\/wp-content\/uploads\/2024\/07\/logo-24-02-28-09-14-23-768x513.jpg 768w, https:\/\/freilassing-logopaedie.de\/wp-content\/uploads\/2024\/07\/logo-24-02-28-09-14-23-676x451.jpg 676w\" sizes=\"auto, (max-width: 1024px) 100vw, 1024px\" \/><\/figure><\/li><li class=\"blocks-gallery-item\"><figure><img loading=\"lazy\" decoding=\"async\" width=\"1024\" height=\"684\" src=\"https:\/\/freilassing-logopaedie.de\/wp-content\/uploads\/2024\/07\/logo-24-02-28-09-21-22-1024x684.jpg\" alt=\"\" data-id=\"1176\" data-link=\"https:\/\/freilassing-logopaedie.de\/?attachment_id=1176\" class=\"wp-image-1176\" srcset=\"https:\/\/freilassing-logopaedie.de\/wp-content\/uploads\/2024\/07\/logo-24-02-28-09-21-22-1024x684.jpg 1024w, https:\/\/freilassing-logopaedie.de\/wp-content\/uploads\/2024\/07\/logo-24-02-28-09-21-22-300x200.jpg 300w, https:\/\/freilassing-logopaedie.de\/wp-content\/uploads\/2024\/07\/logo-24-02-28-09-21-22-768x513.jpg 768w, https:\/\/freilassing-logopaedie.de\/wp-content\/uploads\/2024\/07\/logo-24-02-28-09-21-22-676x451.jpg 676w\" sizes=\"auto, (max-width: 1024px) 100vw, 1024px\" \/><\/figure><\/li><\/ul>\n\n\n\n<h3 class=\"wp-block-heading\"><strong>Zu den kindlichen Sprachen<\/strong><strong>tw<\/strong><strong>icklungsst\u00f6rungen geh\u00f6ren:<\/strong><\/h3>\n\n\n\n<h4 class=\"wp-block-heading\"><strong>Aussprachest\u00f6rungen<\/strong> (Dyslalien):<\/h4>\n\n\n\n<p>Bestimmte Laute k\u00f6nnen nicht gebildet werden&nbsp;<em>(z.B. Der Laut&nbsp;&#8222;S&#8220; wird zwischen den Z\u00e4hnen gebildet)<\/em>&nbsp;oder werden durch einen anderen Laut ersetzt <em>(z.B. &#8222;Kanne&#8220; wird &#8222;Tanne&#8220;)<\/em>.<\/p>\n\n\n\n<h4 class=\"wp-block-heading\"><strong>Wortschatzdefizite:<\/strong><\/h4>\n\n\n\n<p>Kinder haben einen zu geringen aktiven oder pas<\/p>\n\n\n\n<p>siven Wortschatz,&nbsp;wodurch sie sich nicht so gut ausdr\u00fccken k\u00f6nnen oder Verst\u00e4ndnisschwierigkeiten haben.<\/p>\n\n\n\n<h4 class=\"wp-block-heading\"><strong>Auff\u00e4lligkeiten in der Grammatik (<\/strong>Dysgrammatismus)<strong>:<\/strong><\/h4>\n\n\n\n<p>Probleme bei der Satzbildung.<\/p>\n\n\n\n<h4 class=\"wp-block-heading\"><strong>Sprachentwicklungsverz\u00f6gerungen bzw. Sprachentwicklungsr\u00fcckstand:<\/strong><\/h4>\n\n\n\n<p>Verz\u00f6gerter Sprachbeginn z.B. duch Schwerh\u00f6rigkeit.<\/p>\n\n\n\n<h4 class=\"wp-block-heading\"><strong>St\u00f6rungen der zentral-auditiven Verarbeitung und Wahrnehmung (AVWS):<\/strong><\/h4>\n\n\n\n<p>Bei gesundem Geh\u00f6r&nbsp;haben Kinder Probleme, Laute im Wort zu erkennen,&nbsp;Silbenreihen nachzusprechen&nbsp;oder W\u00f6rter kurzfristig zu speichern (auditive Merkf\u00e4higkeit).<\/p>\n\n\n\n<h4 class=\"wp-block-heading\"><strong>Sprechapraxie:<\/strong><\/h4>\n\n\n\n<p>St\u00f6rung der Planung von Sprechbewegungen.<\/p>\n","protected":false},"excerpt":{"rendered":"<p>In der Kindertherapie ist f\u00fcr uns das Wichtigste, dass die Kinder gerne zur Therapie kommen und somit leichter lernen. Ziel jeder Therapie ist es, dass das Kind mit Freude spricht und die Sprache entdeckt! Zu den kindlichen Sprachentwicklungsst\u00f6rungen geh\u00f6ren: Aussprachest\u00f6rungen (Dyslalien): Bestimmte Laute k\u00f6nnen nicht gebildet werden&nbsp;(z.B. Der Laut&nbsp;&#8222;S&#8220; wird zwischen den Z\u00e4hnen gebildet)&nbsp;oder werden [&hellip;]<\/p>\n","protected":false},"author":1,"featured_media":0,"parent":114,"menu_order":0,"comment_status":"closed","ping_status":"closed","template":"","meta":{"footnotes":""},"class_list":["post-156","page","type-page","status-publish","hentry"],"_links":{"self":[{"href":"https:\/\/freilassing-logopaedie.de\/index.php?rest_route=\/wp\/v2\/pages\/156","targetHints":{"allow":["GET"]}}],"collection":[{"href":"https:\/\/freilassing-logopaedie.de\/index.php?rest_route=\/wp\/v2\/pages"}],"about":[{"href":"https:\/\/freilassing-logopaedie.de\/index.php?rest_route=\/wp\/v2\/types\/page"}],"author":[{"embeddable":true,"href":"https:\/\/freilassing-logopaedie.de\/index.php?rest_route=\/wp\/v2\/users\/1"}],"replies":[{"embeddable":true,"href":"https:\/\/freilassing-logopaedie.de\/index.php?rest_route=%2Fwp%2Fv2%2Fcomments&post=156"}],"version-history":[{"count":40,"href":"https:\/\/freilassing-logopaedie.de\/index.php?rest_route=\/wp\/v2\/pages\/156\/revisions"}],"predecessor-version":[{"id":1216,"href":"https:\/\/freilassing-logopaedie.de\/index.php?rest_route=\/wp\/v2\/pages\/156\/revisions\/1216"}],"up":[{"embeddable":true,"href":"https:\/\/freilassing-logopaedie.de\/index.php?rest_route=\/wp\/v2\/pages\/114"}],"wp:attachment":[{"href":"https:\/\/freilassing-logopaedie.de\/index.php?rest_route=%2Fwp%2Fv2%2Fmedia&parent=156"}],"curies":[{"name":"wp","href":"https:\/\/api.w.org\/{rel}","templated":true}]}}