{"id":1256,"date":"2026-01-29T11:17:54","date_gmt":"2026-01-29T11:17:54","guid":{"rendered":"https:\/\/freilassing-logopaedie.de\/?page_id=1256"},"modified":"2026-01-29T11:17:54","modified_gmt":"2026-01-29T11:17:54","slug":"anmeldung-fuer-ihr-kind","status":"publish","type":"page","link":"https:\/\/freilassing-logopaedie.de\/?page_id=1256","title":{"rendered":"Anmeldung f\u00fcr Ihr Kind"},"content":{"rendered":"<style id=\"wpforms-css-vars-1251-block-76640fbc-ce48-4dc5-a965-a66f8d27712b\">\n\t\t\t\t#wpforms-1251.wpforms-block-76640fbc-ce48-4dc5-a965-a66f8d27712b {\n\t\t\t\t--wpforms-field-size-input-height: 43px;\n--wpforms-field-size-input-spacing: 15px;\n--wpforms-field-size-font-size: 16px;\n--wpforms-field-size-line-height: 19px;\n--wpforms-field-size-padding-h: 14px;\n--wpforms-field-size-checkbox-size: 16px;\n--wpforms-field-size-sublabel-spacing: 5px;\n--wpforms-field-size-icon-size: 1;\n--wpforms-label-size-font-size: 16px;\n--wpforms-label-size-line-height: 19px;\n--wpforms-label-size-sublabel-font-size: 14px;\n--wpforms-label-size-sublabel-line-height: 17px;\n--wpforms-button-size-font-size: 17px;\n--wpforms-button-size-height: 41px;\n--wpforms-button-size-padding-h: 15px;\n--wpforms-button-size-margin-top: 10px;\n\t\t\t}\n\t\t\t<\/style><div class=\"wpforms-container wpforms-container-full wpforms-block wpforms-block-76640fbc-ce48-4dc5-a965-a66f8d27712b wpforms-render-modern\" id=\"wpforms-1251\"><form id=\"wpforms-form-1251\" class=\"wpforms-validate wpforms-form wpforms-ajax-form\" data-formid=\"1251\" method=\"post\" enctype=\"multipart\/form-data\" action=\"\/index.php?rest_route=%2Fwp%2Fv2%2Fpages%2F1256\" data-token=\"98a7d1933c9fb4e5827878e1bc43902e\" data-token-time=\"1778075973\"><noscript class=\"wpforms-error-noscript\">Bitte aktiviere JavaScript in deinem Browser, um dieses Formular fertigzustellen.<\/noscript><div id=\"wpforms-error-noscript\" style=\"display: none;\">Bitte aktiviere JavaScript in deinem Browser, um dieses Formular fertigzustellen.<\/div><div class=\"wpforms-field-container\"><div id=\"wpforms-1251-field_1-container\" class=\"wpforms-field wpforms-field-name\" data-field-id=\"1\"><fieldset><legend class=\"wpforms-field-label\">Angaben zum Kind <span class=\"wpforms-required-label\" aria-hidden=\"true\">*<\/span><\/legend><div class=\"wpforms-field-row wpforms-field-medium\"><div class=\"wpforms-field-row-block wpforms-first wpforms-one-half\"><input type=\"text\" id=\"wpforms-1251-field_1\" class=\"wpforms-field-name-first wpforms-field-required\" name=\"wpforms[fields][1][first]\" aria-errormessage=\"wpforms-1251-field_1-error\" required><label for=\"wpforms-1251-field_1\" class=\"wpforms-field-sublabel after\">Vorname<\/label><\/div><div class=\"wpforms-field-row-block wpforms-one-half\"><input type=\"text\" id=\"wpforms-1251-field_1-last\" class=\"wpforms-field-name-last wpforms-field-required\" name=\"wpforms[fields][1][last]\" aria-errormessage=\"wpforms-1251-field_1-last-error\" required><label for=\"wpforms-1251-field_1-last\" class=\"wpforms-field-sublabel after\">Nachname<\/label><\/div><\/div><\/fieldset><\/div><div id=\"wpforms-1251-field_7-container\" class=\"wpforms-field wpforms-field-number\" data-field-id=\"7\"><label class=\"wpforms-field-label\" for=\"wpforms-1251-field_7\">Geburtsdatum des Kindes (ttmmjjjj) <span class=\"wpforms-required-label\" aria-hidden=\"true\">*<\/span><\/label><input type=\"number\" id=\"wpforms-1251-field_7\" class=\"wpforms-field-medium wpforms-field-required\" name=\"wpforms[fields][7]\" step=\"any\" aria-errormessage=\"wpforms-1251-field_7-error\" required><\/div><div id=\"wpforms-1251-field_8-container\" class=\"wpforms-field wpforms-field-name\" data-field-id=\"8\"><fieldset><legend class=\"wpforms-field-label\">Name des Erziehungsberechtigten <span class=\"wpforms-required-label\" aria-hidden=\"true\">*<\/span><\/legend><div class=\"wpforms-field-row wpforms-field-medium\"><div class=\"wpforms-field-row-block wpforms-first wpforms-one-half\"><input type=\"text\" id=\"wpforms-1251-field_8\" class=\"wpforms-field-name-first wpforms-field-required\" name=\"wpforms[fields][8][first]\" aria-errormessage=\"wpforms-1251-field_8-error\" required><label for=\"wpforms-1251-field_8\" class=\"wpforms-field-sublabel after\">Vorname<\/label><\/div><div class=\"wpforms-field-row-block wpforms-one-half\"><input type=\"text\" id=\"wpforms-1251-field_8-last\" class=\"wpforms-field-name-last wpforms-field-required\" name=\"wpforms[fields][8][last]\" aria-errormessage=\"wpforms-1251-field_8-last-error\" required><label for=\"wpforms-1251-field_8-last\" class=\"wpforms-field-sublabel after\">Nachname<\/label><\/div><\/div><\/fieldset><\/div><div id=\"wpforms-1251-field_4-container\" class=\"wpforms-field wpforms-field-text\" data-field-id=\"4\"><label class=\"wpforms-field-label\" for=\"wpforms-1251-field_4\">Telefonnummer <span class=\"wpforms-required-label\" aria-hidden=\"true\">*<\/span><\/label><input type=\"text\" id=\"wpforms-1251-field_4\" class=\"wpforms-field-medium wpforms-field-required\" name=\"wpforms[fields][4]\" aria-errormessage=\"wpforms-1251-field_4-error\" required><\/div><div id=\"wpforms-1251-field_2-container\" class=\"wpforms-field wpforms-field-email\" data-field-id=\"2\"><label class=\"wpforms-field-label\" for=\"wpforms-1251-field_2\">E-Mail-Adresse <span class=\"wpforms-required-label\" aria-hidden=\"true\">*<\/span><\/label><input type=\"email\" id=\"wpforms-1251-field_2\" class=\"wpforms-field-medium wpforms-field-required\" name=\"wpforms[fields][2]\" spellcheck=\"false\" aria-errormessage=\"wpforms-1251-field_2-error\" required><\/div><div id=\"wpforms-1251-field_9-container\" class=\"wpforms-field wpforms-field-checkbox\" data-field-id=\"9\"><fieldset><legend class=\"wpforms-field-label\">Versicherungsstatus <span class=\"wpforms-required-label\" aria-hidden=\"true\">*<\/span><\/legend><ul id=\"wpforms-1251-field_9\" class=\"wpforms-field-required\"><li class=\"choice-1 depth-1\"><input type=\"checkbox\" id=\"wpforms-1251-field_9_1\" name=\"wpforms[fields][9][]\" value=\"Gesetzlich versichert\" aria-errormessage=\"wpforms-1251-field_9_1-error\" aria-describedby=\"wpforms-1251-field_9-description\" required ><label class=\"wpforms-field-label-inline\" for=\"wpforms-1251-field_9_1\">Gesetzlich versichert<\/label><\/li><li class=\"choice-2 depth-1\"><input type=\"checkbox\" id=\"wpforms-1251-field_9_2\" name=\"wpforms[fields][9][]\" value=\"Privat versichert\" aria-errormessage=\"wpforms-1251-field_9_2-error\" aria-describedby=\"wpforms-1251-field_9-description\" required ><label class=\"wpforms-field-label-inline\" for=\"wpforms-1251-field_9_2\">Privat versichert<\/label><\/li><li class=\"choice-3 depth-1\"><input type=\"checkbox\" id=\"wpforms-1251-field_9_3\" name=\"wpforms[fields][9][]\" value=\"Selbstzahler\" aria-errormessage=\"wpforms-1251-field_9_3-error\" aria-describedby=\"wpforms-1251-field_9-description\" required ><label class=\"wpforms-field-label-inline\" for=\"wpforms-1251-field_9_3\">Selbstzahler<\/label><\/li><li class=\"choice-4 depth-1\"><input type=\"checkbox\" id=\"wpforms-1251-field_9_4\" name=\"wpforms[fields][9][]\" value=\"In \u00d6sterreich versichert\" aria-errormessage=\"wpforms-1251-field_9_4-error\" aria-describedby=\"wpforms-1251-field_9-description\" required ><label class=\"wpforms-field-label-inline\" for=\"wpforms-1251-field_9_4\">In \u00d6sterreich versichert<\/label><\/li><\/ul><div id=\"wpforms-1251-field_9-description\" class=\"wpforms-field-description\">Hinweis f\u00fcr Privatversicherte: Falls Sie nicht gesetzlich versichert sind, kl\u00e4ren Sie bitte vorab mit Ihrer Krankenkasse, ob und in welchem Umfang die Behandlungskosten \u00fcbernommen werden. Nach der Rechnungsstellung ist eine nachtr\u00e4gliche \u00c4nderung des Versichertenstatus nicht mehr m\u00f6glich. <\/div><\/fieldset><\/div><div id=\"wpforms-1251-field_16-container\" class=\"wpforms-field wpforms-field-checkbox\" data-field-id=\"16\"><fieldset><legend class=\"wpforms-field-label\">M\u00f6gliche Terminzeiten (Bitte geben Sie alle m\u00f6glichen Zeiten an) <span class=\"wpforms-required-label\" aria-hidden=\"true\">*<\/span><\/legend><ul id=\"wpforms-1251-field_16\" class=\"wpforms-field-required\"><li class=\"choice-1 depth-1\"><input type=\"checkbox\" id=\"wpforms-1251-field_16_1\" name=\"wpforms[fields][16][]\" value=\"Montag Vormittag\" aria-errormessage=\"wpforms-1251-field_16_1-error\" required ><label class=\"wpforms-field-label-inline\" for=\"wpforms-1251-field_16_1\">Montag Vormittag<\/label><\/li><li class=\"choice-2 depth-1\"><input type=\"checkbox\" id=\"wpforms-1251-field_16_2\" name=\"wpforms[fields][16][]\" value=\"Montag Nachmittag\" aria-errormessage=\"wpforms-1251-field_16_2-error\" required ><label class=\"wpforms-field-label-inline\" for=\"wpforms-1251-field_16_2\">Montag Nachmittag<\/label><\/li><li class=\"choice-3 depth-1\"><input type=\"checkbox\" id=\"wpforms-1251-field_16_3\" name=\"wpforms[fields][16][]\" value=\"Dienstag Vormittag\" aria-errormessage=\"wpforms-1251-field_16_3-error\" required ><label class=\"wpforms-field-label-inline\" for=\"wpforms-1251-field_16_3\">Dienstag Vormittag<\/label><\/li><li class=\"choice-4 depth-1\"><input type=\"checkbox\" id=\"wpforms-1251-field_16_4\" name=\"wpforms[fields][16][]\" value=\"Dienstag Nachmittag\" aria-errormessage=\"wpforms-1251-field_16_4-error\" required ><label class=\"wpforms-field-label-inline\" for=\"wpforms-1251-field_16_4\">Dienstag Nachmittag<\/label><\/li><li class=\"choice-5 depth-1\"><input type=\"checkbox\" id=\"wpforms-1251-field_16_5\" name=\"wpforms[fields][16][]\" value=\"Mittwoch Vormittag\" aria-errormessage=\"wpforms-1251-field_16_5-error\" required ><label class=\"wpforms-field-label-inline\" for=\"wpforms-1251-field_16_5\">Mittwoch Vormittag<\/label><\/li><li class=\"choice-6 depth-1\"><input type=\"checkbox\" id=\"wpforms-1251-field_16_6\" name=\"wpforms[fields][16][]\" value=\"Mittwoch Nachmittag\" aria-errormessage=\"wpforms-1251-field_16_6-error\" required ><label class=\"wpforms-field-label-inline\" for=\"wpforms-1251-field_16_6\">Mittwoch Nachmittag<\/label><\/li><li class=\"choice-7 depth-1\"><input type=\"checkbox\" id=\"wpforms-1251-field_16_7\" name=\"wpforms[fields][16][]\" value=\"Donnerstag Vormittag\" aria-errormessage=\"wpforms-1251-field_16_7-error\" required ><label class=\"wpforms-field-label-inline\" for=\"wpforms-1251-field_16_7\">Donnerstag Vormittag<\/label><\/li><li class=\"choice-8 depth-1\"><input type=\"checkbox\" id=\"wpforms-1251-field_16_8\" name=\"wpforms[fields][16][]\" value=\"Donnerstag Nachmittag\" aria-errormessage=\"wpforms-1251-field_16_8-error\" required ><label class=\"wpforms-field-label-inline\" for=\"wpforms-1251-field_16_8\">Donnerstag Nachmittag<\/label><\/li><li class=\"choice-9 depth-1\"><input type=\"checkbox\" id=\"wpforms-1251-field_16_9\" name=\"wpforms[fields][16][]\" value=\"Freitag Vormittag\" aria-errormessage=\"wpforms-1251-field_16_9-error\" required ><label class=\"wpforms-field-label-inline\" for=\"wpforms-1251-field_16_9\">Freitag Vormittag<\/label><\/li><li class=\"choice-10 depth-1\"><input type=\"checkbox\" id=\"wpforms-1251-field_16_10\" name=\"wpforms[fields][16][]\" value=\"Freitag Nachmittag\" aria-errormessage=\"wpforms-1251-field_16_10-error\" required ><label class=\"wpforms-field-label-inline\" for=\"wpforms-1251-field_16_10\">Freitag Nachmittag<\/label><\/li><\/ul><\/fieldset><\/div>\t\t<div id=\"wpforms-1251-field_3-container\"\n\t\t\tclass=\"wpforms-field wpforms-field-text\"\n\t\t\tdata-field-type=\"text\"\n\t\t\tdata-field-id=\"3\"\n\t\t\t>\n\t\t\t<label class=\"wpforms-field-label\" for=\"wpforms-1251-field_3\" >E-Mail-Adresse Symptome Beispielen.<\/label>\n\t\t\t<input type=\"text\" id=\"wpforms-1251-field_3\" class=\"wpforms-field-medium\" name=\"wpforms[fields][3]\" >\n\t\t<\/div>\n\t\t<div id=\"wpforms-1251-field_11-container\" class=\"wpforms-field wpforms-field-radio\" data-field-id=\"11\"><fieldset><legend class=\"wpforms-field-label\">Grund der Anmeldung <span class=\"wpforms-required-label\" aria-hidden=\"true\">*<\/span><\/legend><ul id=\"wpforms-1251-field_11\" class=\"wpforms-field-required\"><li class=\"choice-1 depth-1\"><input type=\"radio\" id=\"wpforms-1251-field_11_1\" name=\"wpforms[fields][11]\" value=\"Schlucken (z.B. Zunge presst gegen die Z\u00e4hne beim Schlucken - Myofunktionelle St\u00f6rung)\" aria-errormessage=\"wpforms-1251-field_11_1-error\" required ><label class=\"wpforms-field-label-inline\" for=\"wpforms-1251-field_11_1\">Schlucken (z.B. Zunge presst gegen die Z\u00e4hne beim Schlucken &#8211; Myofunktionelle St\u00f6rung)<\/label><\/li><li class=\"choice-2 depth-1\"><input type=\"radio\" id=\"wpforms-1251-field_11_2\" name=\"wpforms[fields][11]\" value=\"Sprechen (Probleme bei der Aussprache bestimmter Laute, z.B. sch, R, k...)\" aria-errormessage=\"wpforms-1251-field_11_2-error\" required ><label class=\"wpforms-field-label-inline\" for=\"wpforms-1251-field_11_2\">Sprechen (Probleme bei der Aussprache bestimmter Laute, z.B. sch, R, k&#8230;)<\/label><\/li><li class=\"choice-3 depth-1\"><input type=\"radio\" id=\"wpforms-1251-field_11_3\" name=\"wpforms[fields][11]\" value=\"Sprache (Wortschatz, Grammatik)\" aria-errormessage=\"wpforms-1251-field_11_3-error\" required ><label class=\"wpforms-field-label-inline\" for=\"wpforms-1251-field_11_3\">Sprache (Wortschatz, Grammatik)<\/label><\/li><li class=\"choice-4 depth-1\"><input type=\"radio\" id=\"wpforms-1251-field_11_4\" name=\"wpforms[fields][11]\" value=\"Stimme (z.B. heisere oder br\u00fcchige Stimme)\" aria-errormessage=\"wpforms-1251-field_11_4-error\" required ><label class=\"wpforms-field-label-inline\" for=\"wpforms-1251-field_11_4\">Stimme (z.B. heisere oder br\u00fcchige Stimme)<\/label><\/li><li class=\"choice-5 depth-1\"><input type=\"radio\" id=\"wpforms-1251-field_11_5\" name=\"wpforms[fields][11]\" value=\"Stottern (Wiederholungen, Dehnungen)\" aria-errormessage=\"wpforms-1251-field_11_5-error\" required ><label class=\"wpforms-field-label-inline\" for=\"wpforms-1251-field_11_5\">Stottern (Wiederholungen, Dehnungen)<\/label><\/li><li class=\"choice-6 depth-1\"><input type=\"radio\" id=\"wpforms-1251-field_11_6\" name=\"wpforms[fields][11]\" value=\"Mutismus (das Kind kann sprechen, spricht aber nur mit bestimmten Personen und schweigt in anderen Situationen)\" aria-errormessage=\"wpforms-1251-field_11_6-error\" required ><label class=\"wpforms-field-label-inline\" for=\"wpforms-1251-field_11_6\">Mutismus (das Kind kann sprechen, spricht aber nur mit bestimmten Personen und schweigt in anderen Situationen)<\/label><\/li><li class=\"choice-7 depth-1\"><input type=\"radio\" id=\"wpforms-1251-field_11_7\" name=\"wpforms[fields][11]\" value=\"Das Kind hat noch nicht begonnen zu Sprechen\" aria-errormessage=\"wpforms-1251-field_11_7-error\" required ><label class=\"wpforms-field-label-inline\" for=\"wpforms-1251-field_11_7\">Das Kind hat noch nicht begonnen zu Sprechen<\/label><\/li><\/ul><\/fieldset><\/div><div id=\"wpforms-1251-field_12-container\" class=\"wpforms-field wpforms-field-text\" data-field-id=\"12\"><label class=\"wpforms-field-label\" for=\"wpforms-1251-field_12\">Bitte beschreiben Sie die Symptome so ausf\u00fchrlich wie m\u00f6glich, gerne mit Beispielen. <\/label><input type=\"text\" id=\"wpforms-1251-field_12\" class=\"wpforms-field-medium\" name=\"wpforms[fields][12]\" aria-errormessage=\"wpforms-1251-field_12-error\" ><\/div><div id=\"wpforms-1251-field_13-container\" class=\"wpforms-field wpforms-field-text\" data-field-id=\"13\"><label class=\"wpforms-field-label\" for=\"wpforms-1251-field_13\">Sonstige Diagnosen &#8211; Symptome (z.B. Autismus, Trisomie21&#8230;)<\/label><input type=\"text\" id=\"wpforms-1251-field_13\" class=\"wpforms-field-medium\" name=\"wpforms[fields][13]\" aria-errormessage=\"wpforms-1251-field_13-error\" ><\/div><div id=\"wpforms-1251-field_17-container\" class=\"wpforms-field wpforms-field-checkbox\" data-field-id=\"17\"><fieldset><legend class=\"wpforms-field-label\">Verordnung (&quot;Heilmittelverordnung&quot;) vom Arzt <span class=\"wpforms-required-label\" aria-hidden=\"true\">*<\/span><\/legend><ul id=\"wpforms-1251-field_17\" class=\"wpforms-field-required\"><li class=\"choice-1 depth-1\"><input type=\"checkbox\" id=\"wpforms-1251-field_17_1\" name=\"wpforms[fields][17][]\" value=\"Liegt bereits vor\" aria-errormessage=\"wpforms-1251-field_17_1-error\" required ><label class=\"wpforms-field-label-inline\" for=\"wpforms-1251-field_17_1\">Liegt bereits vor<\/label><\/li><li class=\"choice-2 depth-1\"><input type=\"checkbox\" id=\"wpforms-1251-field_17_2\" name=\"wpforms[fields][17][]\" value=\"Liegt noch nicht vor\" aria-errormessage=\"wpforms-1251-field_17_2-error\" required ><label class=\"wpforms-field-label-inline\" for=\"wpforms-1251-field_17_2\">Liegt noch nicht vor<\/label><\/li><li class=\"choice-3 depth-1\"><input type=\"checkbox\" id=\"wpforms-1251-field_17_3\" name=\"wpforms[fields][17][]\" value=\"Hausbesuch notwendig\" aria-errormessage=\"wpforms-1251-field_17_3-error\" required ><label class=\"wpforms-field-label-inline\" for=\"wpforms-1251-field_17_3\">Hausbesuch notwendig<\/label><\/li><\/ul><\/fieldset><\/div><div id=\"wpforms-1251-field_15-container\" class=\"wpforms-field wpforms-field-text\" data-field-id=\"15\"><label class=\"wpforms-field-label\" for=\"wpforms-1251-field_15\">Sonstige Anmerkungen<\/label><input type=\"text\" id=\"wpforms-1251-field_15\" class=\"wpforms-field-medium\" name=\"wpforms[fields][15]\" aria-errormessage=\"wpforms-1251-field_15-error\" ><\/div><script>\n\t\t\t\t( function() {\n\t\t\t\t\tconst style = document.createElement( 'style' );\n\t\t\t\t\tstyle.appendChild( document.createTextNode( '#wpforms-1251-field_3-container { position: absolute !important; overflow: hidden !important; display: inline !important; height: 1px !important; width: 1px !important; z-index: -1000 !important; padding: 0 !important; } #wpforms-1251-field_3-container input { visibility: hidden; } #wpforms-conversational-form-page #wpforms-1251-field_3-container label { counter-increment: none; }' ) );\n\t\t\t\t\tdocument.head.appendChild( style );\n\t\t\t\t\tdocument.currentScript?.remove();\n\t\t\t\t} )();\n\t\t\t<\/script><\/div><!-- .wpforms-field-container --><div class=\"wpforms-submit-container\" ><input type=\"hidden\" name=\"wpforms[id]\" value=\"1251\"><input type=\"hidden\" name=\"page_title\" value=\"\"><input type=\"hidden\" name=\"page_url\" value=\"https:\/\/freilassing-logopaedie.de\/index.php?rest_route=\/wp\/v2\/pages\/1256\"><input type=\"hidden\" name=\"url_referer\" value=\"\"><button type=\"submit\" name=\"wpforms[submit]\" id=\"wpforms-submit-1251\" class=\"wpforms-submit\" data-alt-text=\"Wird gesendet\u00a0\u2026\" data-submit-text=\"Absenden\" aria-live=\"assertive\" value=\"wpforms-submit\">Absenden<\/button><img loading=\"lazy\" decoding=\"async\" src=\"https:\/\/freilassing-logopaedie.de\/wp-content\/plugins\/wpforms-lite\/assets\/images\/submit-spin.svg\" class=\"wpforms-submit-spinner\" style=\"display: none;\" width=\"26\" height=\"26\" alt=\"Wird geladen\"><\/div><\/form><\/div>  <!-- .wpforms-container -->","protected":false},"excerpt":{"rendered":"","protected":false},"author":2,"featured_media":0,"parent":0,"menu_order":0,"comment_status":"closed","ping_status":"closed","template":"","meta":{"footnotes":""},"class_list":["post-1256","page","type-page","status-publish","hentry"],"_links":{"self":[{"href":"https:\/\/freilassing-logopaedie.de\/index.php?rest_route=\/wp\/v2\/pages\/1256","targetHints":{"allow":["GET"]}}],"collection":[{"href":"https:\/\/freilassing-logopaedie.de\/index.php?rest_route=\/wp\/v2\/pages"}],"about":[{"href":"https:\/\/freilassing-logopaedie.de\/index.php?rest_route=\/wp\/v2\/types\/page"}],"author":[{"embeddable":true,"href":"https:\/\/freilassing-logopaedie.de\/index.php?rest_route=\/wp\/v2\/users\/2"}],"replies":[{"embeddable":true,"href":"https:\/\/freilassing-logopaedie.de\/index.php?rest_route=%2Fwp%2Fv2%2Fcomments&post=1256"}],"version-history":[{"count":1,"href":"https:\/\/freilassing-logopaedie.de\/index.php?rest_route=\/wp\/v2\/pages\/1256\/revisions"}],"predecessor-version":[{"id":1257,"href":"https:\/\/freilassing-logopaedie.de\/index.php?rest_route=\/wp\/v2\/pages\/1256\/revisions\/1257"}],"wp:attachment":[{"href":"https:\/\/freilassing-logopaedie.de\/index.php?rest_route=%2Fwp%2Fv2%2Fmedia&parent=1256"}],"curies":[{"name":"wp","href":"https:\/\/api.w.org\/{rel}","templated":true}]}}