{"id":1248,"date":"2026-01-29T10:31:30","date_gmt":"2026-01-29T10:31:30","guid":{"rendered":"https:\/\/freilassing-logopaedie.de\/?page_id=1248"},"modified":"2026-01-30T09:59:55","modified_gmt":"2026-01-30T09:59:55","slug":"anmeldung","status":"publish","type":"page","link":"https:\/\/freilassing-logopaedie.de\/?page_id=1248","title":{"rendered":"Anmeldung"},"content":{"rendered":"\n<p>W\u00e4hrend der Therapie sind wir telefonisch nicht immer gleich erreichbar. <\/p>\n\n\n\n<p>Sie k\u00f6nnen uns gerne eine Nachricht auf dem Anrufbeantworter hinterlassen oder Sie melden sich hier \u00fcber das Anmeldeformular an.<\/p>\n\n\n\n<p>Die Wartezeit auf einen Therapieplatz h\u00e4ngt von unseren freien Kapazit\u00e4ten und Ihren zeitlichen M\u00f6glichkeiten ab. Vormittags sind Termine meist schneller verf\u00fcgbar, als Nachmittags. <\/p>\n\n\n\n<p>Nutzen Sie f\u00fcr Ihre Anmeldung gerne unsere Anmeldeformulare, wir werden uns so bald als m\u00f6glich bei Ihnen telefonisch melden, um alles Weitere zu besprechen.<\/p>\n\n\n\n<hr class=\"wp-block-separator has-alpha-channel-opacity\"\/>\n\n\n\n<div class=\"wp-block-buttons is-content-justification-center is-layout-flex wp-container-core-buttons-is-layout-16018d1d wp-block-buttons-is-layout-flex\">\n<div class=\"wp-block-button\"><a class=\"wp-block-button__link has-text-align-center wp-element-button\" href=\"https:\/\/freilassing-logopaedie.de\/?page_id=1256\">Anmeldung f\u00fcr Ihr Kind<\/a><\/div>\n\n\n\n<div class=\"wp-block-button\"><a class=\"wp-block-button__link wp-element-button\" href=\"https:\/\/freilassing-logopaedie.de\/?page_id=1259\">Anmeldung Erwachsene<\/a><\/div>\n<\/div>\n\n\n\n<hr class=\"wp-block-separator has-alpha-channel-opacity\"\/>\n\n\n\n<p>Falls Sie sich nicht sicher sind, ob Sie bei uns richtig sind, k\u00f6nnen Sie vorab jederzeit mit uns telefonisch oder per Mail Kontakt aufnehmen. <\/p>\n","protected":false},"excerpt":{"rendered":"<p>W\u00e4hrend der Therapie sind wir telefonisch nicht immer gleich erreichbar. Sie k\u00f6nnen uns gerne eine Nachricht auf dem Anrufbeantworter hinterlassen oder Sie melden sich hier \u00fcber das Anmeldeformular an. Die Wartezeit auf einen Therapieplatz h\u00e4ngt von unseren freien Kapazit\u00e4ten und Ihren zeitlichen M\u00f6glichkeiten ab. Vormittags sind Termine meist schneller verf\u00fcgbar, als Nachmittags. Nutzen Sie f\u00fcr [&hellip;]<\/p>\n","protected":false},"author":2,"featured_media":0,"parent":0,"menu_order":0,"comment_status":"closed","ping_status":"closed","template":"","meta":{"footnotes":""},"class_list":["post-1248","page","type-page","status-publish","hentry"],"_links":{"self":[{"href":"https:\/\/freilassing-logopaedie.de\/index.php?rest_route=\/wp\/v2\/pages\/1248","targetHints":{"allow":["GET"]}}],"collection":[{"href":"https:\/\/freilassing-logopaedie.de\/index.php?rest_route=\/wp\/v2\/pages"}],"about":[{"href":"https:\/\/freilassing-logopaedie.de\/index.php?rest_route=\/wp\/v2\/types\/page"}],"author":[{"embeddable":true,"href":"https:\/\/freilassing-logopaedie.de\/index.php?rest_route=\/wp\/v2\/users\/2"}],"replies":[{"embeddable":true,"href":"https:\/\/freilassing-logopaedie.de\/index.php?rest_route=%2Fwp%2Fv2%2Fcomments&post=1248"}],"version-history":[{"count":11,"href":"https:\/\/freilassing-logopaedie.de\/index.php?rest_route=\/wp\/v2\/pages\/1248\/revisions"}],"predecessor-version":[{"id":1295,"href":"https:\/\/freilassing-logopaedie.de\/index.php?rest_route=\/wp\/v2\/pages\/1248\/revisions\/1295"}],"wp:attachment":[{"href":"https:\/\/freilassing-logopaedie.de\/index.php?rest_route=%2Fwp%2Fv2%2Fmedia&parent=1248"}],"curies":[{"name":"wp","href":"https:\/\/api.w.org\/{rel}","templated":true}]}}