{"id":1093,"date":"2022-09-19T16:48:04","date_gmt":"2022-09-19T16:48:04","guid":{"rendered":"https:\/\/freilassing-logopaedie.de\/?page_id=1093"},"modified":"2026-01-29T22:15:14","modified_gmt":"2026-01-29T22:15:14","slug":"clara-beutel","status":"publish","type":"page","link":"https:\/\/freilassing-logopaedie.de\/?page_id=1093","title":{"rendered":"Clara Beutel"},"content":{"rendered":"\n<h2 class=\"wp-block-heading has-text-align-center has-accent-color has-text-color\"><strong>&#8222;Dass wir miteinander reden k\u00f6nnen, macht uns zu Menschen&#8220; <\/strong>           <strong>&#8211; Karl Jaspers<\/strong><\/h2>\n\n\n<div class=\"wp-block-image\">\n<figure class=\"aligncenter\"><img loading=\"lazy\" decoding=\"async\" width=\"684\" height=\"1024\" src=\"https:\/\/freilassing-logopaedie.de\/wp-content\/uploads\/2024\/07\/logo-24-02-28-10-13-05-684x1024.jpg\" alt=\"\" class=\"wp-image-1188\"\/><\/figure>\n<\/div>\n\n\n<p>In der Logop\u00e4die sehe ich die Chance, die Lebensqualit\u00e4t von Menschen in allen Altersgruppen dauerhaft zu verbessern. <br>\nVor allem die Aspekte der Sprache und des Sprechens &#8211; bei Kindern sowie Erwachsenen &#8211; faszinieren mich an der Logop\u00e4die. F\u00fcr mich geht es darum, die Kommunikationsf\u00e4higkeit der Patientinnen und Patienten individuell zu verbessern oder (wieder)herzustellen.<\/p>\n\n\n\n<p>Empathie, Geduld, Herzlichkeit und Freude sind mir sehr wichtig bei der Arbeit mit Menschen. Damit f\u00fchlen sich die Patientinnen und Patienten bei mir wohl und k\u00f6nnen die Therapieinhalte im Alltag nachhaltig umsetzen.<\/p>\n\n\n\n<h2 class=\"wp-block-heading has-accent-color has-text-color has-regular-font-size\">Meine Berufsausbildung: <\/h2>\n\n\n\n<p><br>Von 2018 bis 2021 habe ich meine Ausbildung an der staatlichen Berufsfachschule f\u00fcr Logop\u00e4die in M\u00fcnchen absolviert.<\/p>\n\n\n\n<h2 class=\"wp-block-heading has-accent-color has-text-color has-regular-font-size\">Meine logop\u00e4dischen Weiterbildungen:<\/h2>\n\n\n\n<p class=\"has-dark-gray-color has-text-color\">&#8222;Therpie der Sprachentwicklungsst\u00f6rungen nach Dr. Zvi Penner: Prosodie und Morphologie&#8220;<\/p>\n\n\n\n<p>&#8222;Aphasie 4.0 Online Kongress&#8220;<\/p>\n\n\n\n<p>\u201cDer Transfer in der Stottermodifikationstherapie &#8211; <br> Planung und Gestaltung mit Jugendlichen und Erwachsenen\u201d<\/p>\n\n\n\n<p><\/p>\n","protected":false},"excerpt":{"rendered":"<p>&#8222;Dass wir miteinander reden k\u00f6nnen, macht uns zu Menschen&#8220; &#8211; Karl Jaspers In der Logop\u00e4die sehe ich die Chance, die Lebensqualit\u00e4t von Menschen in allen Altersgruppen dauerhaft zu verbessern. Vor allem die Aspekte der Sprache und des Sprechens &#8211; bei Kindern sowie Erwachsenen &#8211; faszinieren mich an der Logop\u00e4die. F\u00fcr mich geht es darum, die [&hellip;]<\/p>\n","protected":false},"author":2,"featured_media":0,"parent":96,"menu_order":6,"comment_status":"closed","ping_status":"closed","template":"","meta":{"footnotes":""},"class_list":["post-1093","page","type-page","status-publish","hentry"],"_links":{"self":[{"href":"https:\/\/freilassing-logopaedie.de\/index.php?rest_route=\/wp\/v2\/pages\/1093","targetHints":{"allow":["GET"]}}],"collection":[{"href":"https:\/\/freilassing-logopaedie.de\/index.php?rest_route=\/wp\/v2\/pages"}],"about":[{"href":"https:\/\/freilassing-logopaedie.de\/index.php?rest_route=\/wp\/v2\/types\/page"}],"author":[{"embeddable":true,"href":"https:\/\/freilassing-logopaedie.de\/index.php?rest_route=\/wp\/v2\/users\/2"}],"replies":[{"embeddable":true,"href":"https:\/\/freilassing-logopaedie.de\/index.php?rest_route=%2Fwp%2Fv2%2Fcomments&post=1093"}],"version-history":[{"count":11,"href":"https:\/\/freilassing-logopaedie.de\/index.php?rest_route=\/wp\/v2\/pages\/1093\/revisions"}],"predecessor-version":[{"id":1292,"href":"https:\/\/freilassing-logopaedie.de\/index.php?rest_route=\/wp\/v2\/pages\/1093\/revisions\/1292"}],"up":[{"embeddable":true,"href":"https:\/\/freilassing-logopaedie.de\/index.php?rest_route=\/wp\/v2\/pages\/96"}],"wp:attachment":[{"href":"https:\/\/freilassing-logopaedie.de\/index.php?rest_route=%2Fwp%2Fv2%2Fmedia&parent=1093"}],"curies":[{"name":"wp","href":"https:\/\/api.w.org\/{rel}","templated":true}]}}